{"id":652,"date":"2026-01-26T15:56:16","date_gmt":"2026-01-26T15:56:16","guid":{"rendered":"https:\/\/www.luxuryliving-nachtmann.com\/contacto\/"},"modified":"2026-03-30T14:26:07","modified_gmt":"2026-03-30T14:26:07","slug":"kontakt","status":"publish","type":"page","link":"https:\/\/www.luxuryliving-nachtmann.com\/de\/kontakt\/","title":{"rendered":"Kontakt"},"content":{"rendered":"\t\t<div data-elementor-type=\"wp-page\" data-elementor-id=\"652\" class=\"elementor elementor-652 elementor-15\" data-elementor-post-type=\"page\">\n\t\t\t\t<div class=\"elementor-element elementor-element-09c4e32 e-con-full e-flex e-con e-parent\" data-id=\"09c4e32\" data-element_type=\"container\" data-settings=\"{&quot;background_background&quot;:&quot;classic&quot;}\">\n\t\t<div class=\"elementor-element elementor-element-12acca8 e-con-full e-flex e-con e-child\" data-id=\"12acca8\" data-element_type=\"container\">\n\t\t\t\t<div class=\"elementor-element elementor-element-01b5323 elementor-widget elementor-widget-image\" data-id=\"01b5323\" data-element_type=\"widget\" data-widget_type=\"image.default\">\n\t\t\t\t\t\t\t\t\t\t\t\t\t\t\t<img fetchpriority=\"high\" decoding=\"async\" width=\"1920\" height=\"995\" src=\"https:\/\/www.luxuryliving-nachtmann.com\/wp-content\/uploads\/2026\/03\/contacto-header.jpg\" class=\"attachment-full size-full wp-image-513\" alt=\"contacto\" srcset=\"https:\/\/www.luxuryliving-nachtmann.com\/wp-content\/uploads\/2026\/03\/contacto-header.jpg 1920w, https:\/\/www.luxuryliving-nachtmann.com\/wp-content\/uploads\/2026\/03\/contacto-header-600x311.jpg 600w, https:\/\/www.luxuryliving-nachtmann.com\/wp-content\/uploads\/2026\/03\/contacto-header-300x155.jpg 300w, https:\/\/www.luxuryliving-nachtmann.com\/wp-content\/uploads\/2026\/03\/contacto-header-1024x531.jpg 1024w, https:\/\/www.luxuryliving-nachtmann.com\/wp-content\/uploads\/2026\/03\/contacto-header-768x398.jpg 768w, https:\/\/www.luxuryliving-nachtmann.com\/wp-content\/uploads\/2026\/03\/contacto-header-1536x796.jpg 1536w\" sizes=\"(max-width: 1920px) 100vw, 1920px\" \/>\t\t\t\t\t\t\t\t\t\t\t\t\t\t\t<\/div>\n\t\t\t\t<\/div>\n\t\t<div class=\"elementor-element elementor-element-eb143bf e-con-full e-flex e-con e-child\" data-id=\"eb143bf\" data-element_type=\"container\">\n\t\t\t\t<div class=\"elementor-element elementor-element-8c3d0cc elementor-widget elementor-widget-heading\" data-id=\"8c3d0cc\" data-element_type=\"widget\" data-widget_type=\"heading.default\">\n\t\t\t\t\t<h1 class=\"elementor-heading-title elementor-size-default\">Kontakt<\/h1>\t\t\t\t<\/div>\n\t\t\t\t<div class=\"elementor-element elementor-element-ec16fd1 elementor-widget elementor-widget-text-editor\" data-id=\"ec16fd1\" data-element_type=\"widget\" data-widget_type=\"text-editor.default\">\n\t\t\t\t\t\t\t\t\t<p>Suchen Sie etwas Bestimmtes? Ben\u00f6tigen Sie Beratung? Kontaktieren Sie uns unverbindlich. Wir helfen Ihnen gerne weiter.<\/p>\t\t\t\t\t\t\t\t<\/div>\n\t\t\t\t<\/div>\n\t\t\t\t<\/div>\n\t\t<div class=\"elementor-element elementor-element-5b7ebcd e-con-full e-flex e-con e-parent\" data-id=\"5b7ebcd\" data-element_type=\"container\" data-settings=\"{&quot;background_background&quot;:&quot;classic&quot;}\">\n\t\t<div class=\"elementor-element elementor-element-6722d18 e-con-full e-flex e-con e-child\" data-id=\"6722d18\" data-element_type=\"container\">\n\t\t\t\t<div class=\"elementor-element elementor-element-07ccf58 elementor-widget elementor-widget-heading\" data-id=\"07ccf58\" data-element_type=\"widget\" data-widget_type=\"heading.default\">\n\t\t\t\t\t<h3 class=\"elementor-heading-title elementor-size-default\">Rufen Sie uns an<\/h3>\t\t\t\t<\/div>\n\t\t\t\t<div class=\"elementor-element elementor-element-9f22100 elementor-icon-list--layout-traditional elementor-list-item-link-full_width elementor-widget elementor-widget-icon-list\" data-id=\"9f22100\" data-element_type=\"widget\" data-widget_type=\"icon-list.default\">\n\t\t\t\t\t\t\t<ul class=\"elementor-icon-list-items\">\n\t\t\t\t\t\t\t<li class=\"elementor-icon-list-item\">\n\t\t\t\t\t\t\t\t\t\t\t<a href=\"tel:+34655034741\">\n\n\t\t\t\t\t\t\t\t\t\t\t\t<span class=\"elementor-icon-list-icon\">\n\t\t\t\t\t\t\t<svg aria-hidden=\"true\" class=\"e-font-icon-svg e-fas-mobile-alt\" viewBox=\"0 0 320 512\" xmlns=\"http:\/\/www.w3.org\/2000\/svg\"><path d=\"M272 0H48C21.5 0 0 21.5 0 48v416c0 26.5 21.5 48 48 48h224c26.5 0 48-21.5 48-48V48c0-26.5-21.5-48-48-48zM160 480c-17.7 0-32-14.3-32-32s14.3-32 32-32 32 14.3 32 32-14.3 32-32 32zm112-108c0 6.6-5.4 12-12 12H60c-6.6 0-12-5.4-12-12V60c0-6.6 5.4-12 12-12h200c6.6 0 12 5.4 12 12v312z\"><\/path><\/svg>\t\t\t\t\t\t<\/span>\n\t\t\t\t\t\t\t\t\t\t<span class=\"elementor-icon-list-text\">655 03 47 41<\/span>\n\t\t\t\t\t\t\t\t\t\t\t<\/a>\n\t\t\t\t\t\t\t\t\t<\/li>\n\t\t\t\t\t\t<\/ul>\n\t\t\t\t\t\t<\/div>\n\t\t\t\t<div class=\"elementor-element elementor-element-875e7c3 elementor-widget elementor-widget-spacer\" data-id=\"875e7c3\" data-element_type=\"widget\" data-widget_type=\"spacer.default\">\n\t\t\t\t\t\t\t<div class=\"elementor-spacer\">\n\t\t\t<div class=\"elementor-spacer-inner\"><\/div>\n\t\t<\/div>\n\t\t\t\t\t\t<\/div>\n\t\t\t\t<div class=\"elementor-element elementor-element-bf5fc89 elementor-widget elementor-widget-heading\" data-id=\"bf5fc89\" data-element_type=\"widget\" data-widget_type=\"heading.default\">\n\t\t\t\t\t<h3 class=\"elementor-heading-title elementor-size-default\">Schreiben Sie uns<\/h3>\t\t\t\t<\/div>\n\t\t\t\t<div class=\"elementor-element elementor-element-3c1cb4b elementor-icon-list--layout-traditional elementor-list-item-link-full_width elementor-widget elementor-widget-icon-list\" data-id=\"3c1cb4b\" data-element_type=\"widget\" data-widget_type=\"icon-list.default\">\n\t\t\t\t\t\t\t<ul class=\"elementor-icon-list-items\">\n\t\t\t\t\t\t\t<li class=\"elementor-icon-list-item\">\n\t\t\t\t\t\t\t\t\t\t\t<a href=\"https:\/\/wa.me\/34655034741\" target=\"_blank\">\n\n\t\t\t\t\t\t\t\t\t\t\t\t<span class=\"elementor-icon-list-icon\">\n\t\t\t\t\t\t\t<svg aria-hidden=\"true\" class=\"e-font-icon-svg e-fab-whatsapp\" viewBox=\"0 0 448 512\" xmlns=\"http:\/\/www.w3.org\/2000\/svg\"><path d=\"M380.9 97.1C339 55.1 283.2 32 223.9 32c-122.4 0-222 99.6-222 222 0 39.1 10.2 77.3 29.6 111L0 480l117.7-30.9c32.4 17.7 68.9 27 106.1 27h.1c122.3 0 224.1-99.6 224.1-222 0-59.3-25.2-115-67.1-157zm-157 341.6c-33.2 0-65.7-8.9-94-25.7l-6.7-4-69.8 18.3L72 359.2l-4.4-7c-18.5-29.4-28.2-63.3-28.2-98.2 0-101.7 82.8-184.5 184.6-184.5 49.3 0 95.6 19.2 130.4 54.1 34.8 34.9 56.2 81.2 56.1 130.5 0 101.8-84.9 184.6-186.6 184.6zm101.2-138.2c-5.5-2.8-32.8-16.2-37.9-18-5.1-1.9-8.8-2.8-12.5 2.8-3.7 5.6-14.3 18-17.6 21.8-3.2 3.7-6.5 4.2-12 1.4-32.6-16.3-54-29.1-75.5-66-5.7-9.8 5.7-9.1 16.3-30.3 1.8-3.7.9-6.9-.5-9.7-1.4-2.8-12.5-30.1-17.1-41.2-4.5-10.8-9.1-9.3-12.5-9.5-3.2-.2-6.9-.2-10.6-.2-3.7 0-9.7 1.4-14.8 6.9-5.1 5.6-19.4 19-19.4 46.3 0 27.3 19.9 53.7 22.6 57.4 2.8 3.7 39.1 59.7 94.8 83.8 35.2 15.2 49 16.5 66.6 13.9 10.7-1.6 32.8-13.4 37.4-26.4 4.6-13 4.6-24.1 3.2-26.4-1.3-2.5-5-3.9-10.5-6.6z\"><\/path><\/svg>\t\t\t\t\t\t<\/span>\n\t\t\t\t\t\t\t\t\t\t<span class=\"elementor-icon-list-text\">655 03 47 41<\/span>\n\t\t\t\t\t\t\t\t\t\t\t<\/a>\n\t\t\t\t\t\t\t\t\t<\/li>\n\t\t\t\t\t\t<\/ul>\n\t\t\t\t\t\t<\/div>\n\t\t\t\t<div class=\"elementor-element elementor-element-cd4c687 elementor-icon-list--layout-traditional elementor-list-item-link-full_width elementor-widget elementor-widget-icon-list\" data-id=\"cd4c687\" data-element_type=\"widget\" data-widget_type=\"icon-list.default\">\n\t\t\t\t\t\t\t<ul class=\"elementor-icon-list-items\">\n\t\t\t\t\t\t\t<li class=\"elementor-icon-list-item\">\n\t\t\t\t\t\t\t\t\t\t\t<a href=\"mailto:art@luxuryliving-nachtmann.com\">\n\n\t\t\t\t\t\t\t\t\t\t\t\t<span class=\"elementor-icon-list-icon\">\n\t\t\t\t\t\t\t<svg aria-hidden=\"true\" class=\"e-font-icon-svg e-far-envelope\" viewBox=\"0 0 512 512\" xmlns=\"http:\/\/www.w3.org\/2000\/svg\"><path d=\"M464 64H48C21.49 64 0 85.49 0 112v288c0 26.51 21.49 48 48 48h416c26.51 0 48-21.49 48-48V112c0-26.51-21.49-48-48-48zm0 48v40.805c-22.422 18.259-58.168 46.651-134.587 106.49-16.841 13.247-50.201 45.072-73.413 44.701-23.208.375-56.579-31.459-73.413-44.701C106.18 199.465 70.425 171.067 48 152.805V112h416zM48 400V214.398c22.914 18.251 55.409 43.862 104.938 82.646 21.857 17.205 60.134 55.186 103.062 54.955 42.717.231 80.509-37.199 103.053-54.947 49.528-38.783 82.032-64.401 104.947-82.653V400H48z\"><\/path><\/svg>\t\t\t\t\t\t<\/span>\n\t\t\t\t\t\t\t\t\t\t<span class=\"elementor-icon-list-text\">art@luxuryliving-nachtmann.com<\/span>\n\t\t\t\t\t\t\t\t\t\t\t<\/a>\n\t\t\t\t\t\t\t\t\t<\/li>\n\t\t\t\t\t\t<\/ul>\n\t\t\t\t\t\t<\/div>\n\t\t\t\t<div class=\"elementor-element elementor-element-ff8b986 elementor-widget elementor-widget-spacer\" data-id=\"ff8b986\" data-element_type=\"widget\" data-widget_type=\"spacer.default\">\n\t\t\t\t\t\t\t<div class=\"elementor-spacer\">\n\t\t\t<div class=\"elementor-spacer-inner\"><\/div>\n\t\t<\/div>\n\t\t\t\t\t\t<\/div>\n\t\t\t\t<div class=\"elementor-element elementor-element-afc1442 elementor-widget elementor-widget-heading\" data-id=\"afc1442\" data-element_type=\"widget\" data-widget_type=\"heading.default\">\n\t\t\t\t\t<h3 class=\"elementor-heading-title elementor-size-default\">Besuchen Sie unsere Galerie<\/h3>\t\t\t\t<\/div>\n\t\t\t\t<div class=\"elementor-element elementor-element-baf8c39 elementor-widget elementor-widget-text-editor\" data-id=\"baf8c39\" data-element_type=\"widget\" data-widget_type=\"text-editor.default\">\n\t\t\t\t\t\t\t\t\t<p>Wir laden Sie ein, unsere Kollektion pers\u00f6nlich zu entdecken.<\/p><p>Bei Luxury Living &amp; Find Art Nachtmann ist jeder Besuch ein einzigartiges Erlebnis, bei dem Sie die Qualit\u00e4t und Sch\u00f6nheit unserer St\u00fccke aus n\u00e4chster N\u00e4he erleben k\u00f6nnen.<\/p>\t\t\t\t\t\t\t\t<\/div>\n\t\t\t\t<div class=\"elementor-element elementor-element-dc5dbce elementor-widget elementor-widget-heading\" data-id=\"dc5dbce\" data-element_type=\"widget\" data-widget_type=\"heading.default\">\n\t\t\t\t\t<h4 class=\"elementor-heading-title elementor-size-default\">\u00d6ffnungszeiten<\/h4>\t\t\t\t<\/div>\n\t\t\t\t<div class=\"elementor-element elementor-element-5297987 elementor-widget elementor-widget-text-editor\" data-id=\"5297987\" data-element_type=\"widget\" data-widget_type=\"text-editor.default\">\n\t\t\t\t\t\t\t\t\t<p>Mittwoch bis Samstag von 12:00 bis 20:00 Uhr (oder nach Terminvereinbarung)<\/p>\t\t\t\t\t\t\t\t<\/div>\n\t\t\t\t<div class=\"elementor-element elementor-element-f3d84ad elementor-icon-list--layout-traditional elementor-list-item-link-full_width elementor-widget elementor-widget-icon-list\" data-id=\"f3d84ad\" data-element_type=\"widget\" data-widget_type=\"icon-list.default\">\n\t\t\t\t\t\t\t<ul class=\"elementor-icon-list-items\">\n\t\t\t\t\t\t\t<li class=\"elementor-icon-list-item\">\n\t\t\t\t\t\t\t\t\t\t\t<span class=\"elementor-icon-list-icon\">\n\t\t\t\t\t\t\t<svg aria-hidden=\"true\" class=\"e-font-icon-svg e-fas-map-marker-alt\" viewBox=\"0 0 384 512\" xmlns=\"http:\/\/www.w3.org\/2000\/svg\"><path d=\"M172.268 501.67C26.97 291.031 0 269.413 0 192 0 85.961 85.961 0 192 0s192 85.961 192 192c0 77.413-26.97 99.031-172.268 309.67-9.535 13.774-29.93 13.773-39.464 0zM192 272c44.183 0 80-35.817 80-80s-35.817-80-80-80-80 35.817-80 80 35.817 80 80 80z\"><\/path><\/svg>\t\t\t\t\t\t<\/span>\n\t\t\t\t\t\t\t\t\t\t<span class=\"elementor-icon-list-text\">Carretera de C\u00e1rtama 48, 29120, Alhaur\u00edn El Grande<\/span>\n\t\t\t\t\t\t\t\t\t<\/li>\n\t\t\t\t\t\t<\/ul>\n\t\t\t\t\t\t<\/div>\n\t\t\t\t<\/div>\n\t\t<div class=\"elementor-element elementor-element-fc5eedd e-con-full e-flex e-con e-child\" data-id=\"fc5eedd\" data-element_type=\"container\">\n\t\t\t\t<div class=\"elementor-element elementor-element-21c9ae9 elementor-widget elementor-widget-heading\" data-id=\"21c9ae9\" data-element_type=\"widget\" data-widget_type=\"heading.default\">\n\t\t\t\t\t<h2 class=\"elementor-heading-title elementor-size-default\">Kontaktieren Sie uns<\/h2>\t\t\t\t<\/div>\n\t\t\t\t<div class=\"elementor-element elementor-element-8be2dc6 elementor-button-align-start elementor-widget elementor-widget-form\" data-id=\"8be2dc6\" data-element_type=\"widget\" data-settings=\"{&quot;step_next_label&quot;:&quot;Next&quot;,&quot;step_previous_label&quot;:&quot;Previous&quot;,&quot;button_width&quot;:&quot;100&quot;,&quot;step_type&quot;:&quot;number_text&quot;,&quot;step_icon_shape&quot;:&quot;circle&quot;}\" data-widget_type=\"form.default\">\n\t\t\t\t\t\t\t<form class=\"elementor-form\" method=\"post\" name=\"New Form\" aria-label=\"New Form\">\n\t\t\t<input type=\"hidden\" name=\"post_id\" value=\"652\"\/>\n\t\t\t<input type=\"hidden\" name=\"form_id\" value=\"8be2dc6\"\/>\n\t\t\t<input type=\"hidden\" name=\"referer_title\" value=\"Kontaktieren Sie uns | Luxury Living &amp; Fine Art Nachtmann\" \/>\n\n\t\t\t\t\t\t\t<input type=\"hidden\" name=\"queried_id\" value=\"652\"\/>\n\t\t\t\n\t\t\t<div class=\"elementor-form-fields-wrapper elementor-labels-\">\n\t\t\t\t\t\t\t\t<div class=\"elementor-field-type-text elementor-field-group elementor-column elementor-field-group-name elementor-col-100 elementor-field-required\">\n\t\t\t\t\t\t\t\t\t\t\t\t<label for=\"form-field-name\" class=\"elementor-field-label elementor-screen-only\">\n\t\t\t\t\t\t\t\tName\t\t\t\t\t\t\t<\/label>\n\t\t\t\t\t\t\t\t\t\t\t\t\t\t<input size=\"1\" type=\"text\" name=\"form_fields[name]\" id=\"form-field-name\" class=\"elementor-field elementor-size-md  elementor-field-textual\" placeholder=\"Name *\" required=\"required\">\n\t\t\t\t\t\t\t\t\t\t\t<\/div>\n\t\t\t\t\t\t\t\t<div class=\"elementor-field-type-text elementor-field-group elementor-column elementor-field-group-telefono elementor-col-100 elementor-field-required\">\n\t\t\t\t\t\t\t\t\t\t\t\t<label for=\"form-field-telefono\" class=\"elementor-field-label elementor-screen-only\">\n\t\t\t\t\t\t\t\tMobil\t\t\t\t\t\t\t<\/label>\n\t\t\t\t\t\t\t\t\t\t\t\t\t\t<input size=\"1\" type=\"text\" name=\"form_fields[telefono]\" id=\"form-field-telefono\" class=\"elementor-field elementor-size-md  elementor-field-textual\" placeholder=\"Mobil *\" required=\"required\">\n\t\t\t\t\t\t\t\t\t\t\t<\/div>\n\t\t\t\t\t\t\t\t<div class=\"elementor-field-type-email elementor-field-group elementor-column elementor-field-group-email elementor-col-100 elementor-field-required\">\n\t\t\t\t\t\t\t\t\t\t\t\t<label for=\"form-field-email\" class=\"elementor-field-label elementor-screen-only\">\n\t\t\t\t\t\t\t\tEmail\t\t\t\t\t\t\t<\/label>\n\t\t\t\t\t\t\t\t\t\t\t\t\t\t<input size=\"1\" type=\"email\" name=\"form_fields[email]\" id=\"form-field-email\" class=\"elementor-field elementor-size-md  elementor-field-textual\" placeholder=\"Email *\" required=\"required\">\n\t\t\t\t\t\t\t\t\t\t\t<\/div>\n\t\t\t\t\t\t\t\t<div class=\"elementor-field-type-textarea elementor-field-group elementor-column elementor-field-group-message elementor-col-100\">\n\t\t\t\t\t\t\t\t\t\t\t\t<label for=\"form-field-message\" class=\"elementor-field-label elementor-screen-only\">\n\t\t\t\t\t\t\t\tMensaje\t\t\t\t\t\t\t<\/label>\n\t\t\t\t\t\t<textarea class=\"elementor-field-textual elementor-field  elementor-size-md\" name=\"form_fields[message]\" id=\"form-field-message\" rows=\"4\" placeholder=\"Dein Anliegen\"><\/textarea>\t\t\t\t<\/div>\n\t\t\t\t\t\t\t\t<div class=\"elementor-field-type-acceptance elementor-field-group elementor-column elementor-field-group-Politicaprivacidad elementor-col-100 elementor-field-required\">\n\t\t\t\t\t\t\t<div class=\"elementor-field-subgroup\">\n\t\t\t<span class=\"elementor-field-option\">\n\t\t\t\t<input type=\"checkbox\" name=\"form_fields[Politicaprivacidad]\" id=\"form-field-Politicaprivacidad\" class=\"elementor-field elementor-size-md  elementor-acceptance-field\" required=\"required\">\n\t\t\t\t<label for=\"form-field-Politicaprivacidad\">Ich bin \u00fcber 18 Jahre alt und habe die <u><a style=\"color:#262017;\" target=\"_blank\" rel=\"noopener noreferrer nofollow\" href=\"https:\/\/ecompliancegrc.com\/privacy_policies\/698491aa4241a6001fef577e\">Datenschutzrichtlinie gelesen.<\/a><\/u> *<\/label>\t\t\t<\/span>\n\t\t<\/div>\n\t\t\t\t\t\t<\/div>\n\t\t\t\t\t\t\t\t<div class=\"elementor-field-group elementor-column elementor-field-type-submit elementor-col-100 e-form__buttons\">\n\t\t\t\t\t<button class=\"elementor-button elementor-size-sm elementor-animation-shrink\" type=\"submit\">\n\t\t\t\t\t\t<span class=\"elementor-button-content-wrapper\">\n\t\t\t\t\t\t\t\t\t\t\t\t\t\t\t\t\t\t\t\t\t\t<span class=\"elementor-button-text\">Senden<\/span>\n\t\t\t\t\t\t\t\t\t\t\t\t\t<\/span>\n\t\t\t\t\t<\/button>\n\t\t\t\t<\/div>\n\t\t\t<\/div>\n\t\t<\/form>\n\t\t\t\t\t\t<\/div>\n\t\t\t\t<\/div>\n\t\t\t\t<\/div>\n\t\t\t\t<\/div>\n\t\t","protected":false},"excerpt":{"rendered":"<p>Kontakt Suchen Sie etwas Bestimmtes? Ben\u00f6tigen Sie Beratung? Kontaktieren Sie uns unverbindlich. Wir helfen Ihnen gerne weiter. Rufen Sie uns an 655 03 47 41 Schreiben Sie uns 655 03 47 41 art@luxuryliving-nachtmann.com Besuchen Sie unsere Galerie Wir laden Sie ein, unsere Kollektion pers\u00f6nlich zu entdecken. Bei Luxury Living &amp; Find Art Nachtmann ist jeder [&hellip;]<\/p>\n","protected":false},"author":1,"featured_media":0,"parent":0,"menu_order":0,"comment_status":"closed","ping_status":"closed","template":"elementor_header_footer","meta":{"footnotes":""},"class_list":["post-652","page","type-page","status-publish","hentry"],"yoast_head":"<!-- This site is optimized with the Yoast SEO plugin v27.3 - https:\/\/yoast.com\/product\/yoast-seo-wordpress\/ -->\n<title>Kontaktieren Sie uns | Luxury Living &amp; Fine Art Nachtmann<\/title>\n<meta name=\"description\" content=\"Suchen Sie etwas Bestimmtes? Ben\u00f6tigen Sie Beratung? Kontaktieren Sie uns unverbindlich. Wir helfen Ihnen gerne weiter und beraten Sie.\" \/>\n<meta name=\"robots\" content=\"index, follow, max-snippet:-1, max-image-preview:large, max-video-preview:-1\" \/>\n<link rel=\"canonical\" href=\"https:\/\/www.luxuryliving-nachtmann.com\/de\/kontakt\/\" \/>\n<meta property=\"og:locale\" content=\"de_DE\" \/>\n<meta property=\"og:type\" content=\"article\" \/>\n<meta property=\"og:title\" content=\"Kontaktieren Sie uns | Luxury Living &amp; Fine Art Nachtmann\" \/>\n<meta property=\"og:description\" content=\"Suchen Sie etwas Bestimmtes? Ben\u00f6tigen Sie Beratung? Kontaktieren Sie uns unverbindlich. Wir helfen Ihnen gerne weiter und beraten Sie.\" \/>\n<meta property=\"og:url\" content=\"https:\/\/www.luxuryliving-nachtmann.com\/de\/kontakt\/\" \/>\n<meta property=\"og:site_name\" content=\"Luxury Living &amp; Fine Art Nachtmann\" \/>\n<meta property=\"article:modified_time\" content=\"2026-03-30T14:26:07+00:00\" \/>\n<meta property=\"og:image\" content=\"https:\/\/www.luxuryliving-nachtmann.com\/wp-content\/uploads\/2026\/03\/contacto-header.jpg\" \/>\n\t<meta property=\"og:image:width\" content=\"1920\" \/>\n\t<meta property=\"og:image:height\" content=\"995\" \/>\n\t<meta property=\"og:image:type\" content=\"image\/jpeg\" \/>\n<meta name=\"twitter:card\" content=\"summary_large_image\" \/>\n<meta name=\"twitter:label1\" content=\"Gesch\u00e4tzte Lesezeit\" \/>\n\t<meta name=\"twitter:data1\" content=\"1\u00a0Minute\" \/>\n<!-- \/ Yoast SEO plugin. -->","yoast_head_json":{"title":"Kontaktieren Sie uns | Luxury Living & Fine Art Nachtmann","description":"Suchen Sie etwas Bestimmtes? Ben\u00f6tigen Sie Beratung? Kontaktieren Sie uns unverbindlich. Wir helfen Ihnen gerne weiter und beraten Sie.","robots":{"index":"index","follow":"follow","max-snippet":"max-snippet:-1","max-image-preview":"max-image-preview:large","max-video-preview":"max-video-preview:-1"},"canonical":"https:\/\/www.luxuryliving-nachtmann.com\/de\/kontakt\/","og_locale":"de_DE","og_type":"article","og_title":"Kontaktieren Sie uns | Luxury Living & Fine Art Nachtmann","og_description":"Suchen Sie etwas Bestimmtes? Ben\u00f6tigen Sie Beratung? Kontaktieren Sie uns unverbindlich. Wir helfen Ihnen gerne weiter und beraten Sie.","og_url":"https:\/\/www.luxuryliving-nachtmann.com\/de\/kontakt\/","og_site_name":"Luxury Living &amp; Fine Art Nachtmann","article_modified_time":"2026-03-30T14:26:07+00:00","og_image":[{"width":1920,"height":995,"url":"https:\/\/www.luxuryliving-nachtmann.com\/wp-content\/uploads\/2026\/03\/contacto-header.jpg","type":"image\/jpeg"}],"twitter_card":"summary_large_image","twitter_misc":{"Gesch\u00e4tzte Lesezeit":"1\u00a0Minute"},"schema":{"@context":"https:\/\/schema.org","@graph":[{"@type":"WebPage","@id":"https:\/\/www.luxuryliving-nachtmann.com\/de\/kontakt\/","url":"https:\/\/www.luxuryliving-nachtmann.com\/de\/kontakt\/","name":"Kontaktieren Sie uns | Luxury Living & Fine Art Nachtmann","isPartOf":{"@id":"https:\/\/www.luxuryliving-nachtmann.com\/de\/#website"},"primaryImageOfPage":{"@id":"https:\/\/www.luxuryliving-nachtmann.com\/de\/kontakt\/#primaryimage"},"image":{"@id":"https:\/\/www.luxuryliving-nachtmann.com\/de\/kontakt\/#primaryimage"},"thumbnailUrl":"https:\/\/www.luxuryliving-nachtmann.com\/wp-content\/uploads\/2026\/03\/contacto-header.jpg","datePublished":"2026-01-26T15:56:16+00:00","dateModified":"2026-03-30T14:26:07+00:00","description":"Suchen Sie etwas Bestimmtes? Ben\u00f6tigen Sie Beratung? Kontaktieren Sie uns unverbindlich. Wir helfen Ihnen gerne weiter und beraten Sie.","breadcrumb":{"@id":"https:\/\/www.luxuryliving-nachtmann.com\/de\/kontakt\/#breadcrumb"},"inLanguage":"de","potentialAction":[{"@type":"ReadAction","target":["https:\/\/www.luxuryliving-nachtmann.com\/de\/kontakt\/"]}]},{"@type":"ImageObject","inLanguage":"de","@id":"https:\/\/www.luxuryliving-nachtmann.com\/de\/kontakt\/#primaryimage","url":"https:\/\/www.luxuryliving-nachtmann.com\/wp-content\/uploads\/2026\/03\/contacto-header.jpg","contentUrl":"https:\/\/www.luxuryliving-nachtmann.com\/wp-content\/uploads\/2026\/03\/contacto-header.jpg"},{"@type":"BreadcrumbList","@id":"https:\/\/www.luxuryliving-nachtmann.com\/de\/kontakt\/#breadcrumb","itemListElement":[{"@type":"ListItem","position":1,"name":"Inicio","item":"https:\/\/www.luxuryliving-nachtmann.com\/de\/"},{"@type":"ListItem","position":2,"name":"Kontakt"}]},{"@type":"WebSite","@id":"https:\/\/www.luxuryliving-nachtmann.com\/de\/#website","url":"https:\/\/www.luxuryliving-nachtmann.com\/de\/","name":"Luxury Living & Fine Art Nachtmann","description":"","publisher":{"@id":"https:\/\/www.luxuryliving-nachtmann.com\/de\/#organization"},"potentialAction":[{"@type":"SearchAction","target":{"@type":"EntryPoint","urlTemplate":"https:\/\/www.luxuryliving-nachtmann.com\/de\/?s={search_term_string}"},"query-input":{"@type":"PropertyValueSpecification","valueRequired":true,"valueName":"search_term_string"}}],"inLanguage":"de"},{"@type":"Organization","@id":"https:\/\/www.luxuryliving-nachtmann.com\/de\/#organization","name":"Luxury Living & Fine Art Nachtmann","url":"https:\/\/www.luxuryliving-nachtmann.com\/de\/","logo":{"@type":"ImageObject","inLanguage":"de","@id":"https:\/\/www.luxuryliving-nachtmann.com\/de\/#\/schema\/logo\/image\/","url":"https:\/\/www.luxuryliving-nachtmann.com\/wp-content\/uploads\/2026\/01\/luxury-living-art-nachtmann-logotipo.jpg","contentUrl":"https:\/\/www.luxuryliving-nachtmann.com\/wp-content\/uploads\/2026\/01\/luxury-living-art-nachtmann-logotipo.jpg","width":898,"height":650,"caption":"Luxury Living & Fine Art Nachtmann"},"image":{"@id":"https:\/\/www.luxuryliving-nachtmann.com\/de\/#\/schema\/logo\/image\/"}}]}},"_links":{"self":[{"href":"https:\/\/www.luxuryliving-nachtmann.com\/de\/wp-json\/wp\/v2\/pages\/652","targetHints":{"allow":["GET"]}}],"collection":[{"href":"https:\/\/www.luxuryliving-nachtmann.com\/de\/wp-json\/wp\/v2\/pages"}],"about":[{"href":"https:\/\/www.luxuryliving-nachtmann.com\/de\/wp-json\/wp\/v2\/types\/page"}],"author":[{"embeddable":true,"href":"https:\/\/www.luxuryliving-nachtmann.com\/de\/wp-json\/wp\/v2\/users\/1"}],"replies":[{"embeddable":true,"href":"https:\/\/www.luxuryliving-nachtmann.com\/de\/wp-json\/wp\/v2\/comments?post=652"}],"version-history":[{"count":65,"href":"https:\/\/www.luxuryliving-nachtmann.com\/de\/wp-json\/wp\/v2\/pages\/652\/revisions"}],"predecessor-version":[{"id":5776,"href":"https:\/\/www.luxuryliving-nachtmann.com\/de\/wp-json\/wp\/v2\/pages\/652\/revisions\/5776"}],"wp:attachment":[{"href":"https:\/\/www.luxuryliving-nachtmann.com\/de\/wp-json\/wp\/v2\/media?parent=652"}],"curies":[{"name":"wp","href":"https:\/\/api.w.org\/{rel}","templated":true}]}}