{"id":657,"date":"2026-01-26T15:56:01","date_gmt":"2026-01-26T15:56:01","guid":{"rendered":"https:\/\/www.luxuryliving-nachtmann.com\/nosotros\/"},"modified":"2026-03-25T09:42:39","modified_gmt":"2026-03-25T09:42:39","slug":"uns","status":"publish","type":"page","link":"https:\/\/www.luxuryliving-nachtmann.com\/de\/uns\/","title":{"rendered":"Uns"},"content":{"rendered":"\t\t<div data-elementor-type=\"wp-page\" data-elementor-id=\"657\" class=\"elementor elementor-657 elementor-13\" data-elementor-post-type=\"page\">\n\t\t\t\t<div class=\"elementor-element elementor-element-80807a6 e-con-full e-flex e-con e-parent\" data-id=\"80807a6\" data-element_type=\"container\" data-settings=\"{&quot;background_background&quot;:&quot;classic&quot;}\">\n\t\t<div class=\"elementor-element elementor-element-5d1602a e-con-full e-flex e-con e-child\" data-id=\"5d1602a\" data-element_type=\"container\">\n\t\t\t\t<div class=\"elementor-element elementor-element-9a3c5a8 elementor-widget elementor-widget-image\" data-id=\"9a3c5a8\" data-element_type=\"widget\" data-widget_type=\"image.default\">\n\t\t\t\t\t\t\t\t\t\t\t\t\t\t\t<img fetchpriority=\"high\" decoding=\"async\" width=\"1920\" height=\"995\" src=\"https:\/\/www.luxuryliving-nachtmann.com\/wp-content\/uploads\/2026\/03\/nosotros-head.jpg\" class=\"attachment-full size-full wp-image-521\" alt=\"\" srcset=\"https:\/\/www.luxuryliving-nachtmann.com\/wp-content\/uploads\/2026\/03\/nosotros-head.jpg 1920w, https:\/\/www.luxuryliving-nachtmann.com\/wp-content\/uploads\/2026\/03\/nosotros-head-600x311.jpg 600w, https:\/\/www.luxuryliving-nachtmann.com\/wp-content\/uploads\/2026\/03\/nosotros-head-300x155.jpg 300w, https:\/\/www.luxuryliving-nachtmann.com\/wp-content\/uploads\/2026\/03\/nosotros-head-1024x531.jpg 1024w, https:\/\/www.luxuryliving-nachtmann.com\/wp-content\/uploads\/2026\/03\/nosotros-head-768x398.jpg 768w, https:\/\/www.luxuryliving-nachtmann.com\/wp-content\/uploads\/2026\/03\/nosotros-head-1536x796.jpg 1536w\" sizes=\"(max-width: 1920px) 100vw, 1920px\" \/>\t\t\t\t\t\t\t\t\t\t\t\t\t\t\t<\/div>\n\t\t\t\t<\/div>\n\t\t<div class=\"elementor-element elementor-element-8c8fda9 e-con-full e-flex e-con e-child\" data-id=\"8c8fda9\" data-element_type=\"container\">\n\t\t\t\t<div class=\"elementor-element elementor-element-9932451 elementor-widget elementor-widget-heading\" data-id=\"9932451\" data-element_type=\"widget\" data-widget_type=\"heading.default\">\n\t\t\t\t\t<h1 class=\"elementor-heading-title elementor-size-default\">Das Unternehmen<\/h1>\t\t\t\t<\/div>\n\t\t\t\t<div class=\"elementor-element elementor-element-d18631b elementor-widget elementor-widget-heading\" data-id=\"d18631b\" data-element_type=\"widget\" data-widget_type=\"heading.default\">\n\t\t\t\t\t<h2 class=\"elementor-heading-title elementor-size-default\">Luxury Living &amp; Fine Art Nachtmann<\/h2>\t\t\t\t<\/div>\n\t\t\t\t<\/div>\n\t\t\t\t<\/div>\n\t\t<div class=\"elementor-element elementor-element-0aa0782 e-con-full e-flex e-con e-parent\" data-id=\"0aa0782\" data-element_type=\"container\" data-settings=\"{&quot;background_background&quot;:&quot;classic&quot;}\">\n\t\t<div class=\"elementor-element elementor-element-cf29856 e-con-full e-flex e-con e-child\" data-id=\"cf29856\" data-element_type=\"container\">\n\t\t\t\t<div class=\"elementor-element elementor-element-6a39bb5 elementor-widget elementor-widget-heading\" data-id=\"6a39bb5\" data-element_type=\"widget\" data-widget_type=\"heading.default\">\n\t\t\t\t\t<h2 class=\"elementor-heading-title elementor-size-default\">\u00dcber uns<\/h2>\t\t\t\t<\/div>\n\t\t\t\t<div class=\"elementor-element elementor-element-3e95ccd elementor-widget elementor-widget-text-editor\" data-id=\"3e95ccd\" data-element_type=\"widget\" data-widget_type=\"text-editor.default\">\n\t\t\t\t\t\t\t\t\t<p>Bei Luxury Living &amp; Fine Art Nachtmann ehren wir die Geschichte und die unverwechselbare Seele, die jedes Einzelst\u00fcck in sich tr\u00e4gt. Es ist uns eine Freude, diese zeitlosen Meisterwerke jenen Kennern anzubieten, die unseren exklusiven, k\u00fcrzlich er\u00f6ffneten Showroom in Alhaur\u00edn el Grande besuchen.<\/p><p>Gest\u00fctzt auf mehr als vier Jahrzehnten tiefgreifender Erfahrung im Bereich hochwertiger Antiquit\u00e4ten und erlesener Kunst, beginnt Nachtmann ein neues, inspirierendes Kapitel in Spanien. Vater und Sohn vereinen Generationenwissen und h\u00f6chste Leidenschaft, um ihre Kompetenz in Kunst, Objekten von bleibendem Wert und raffinierter Inneneinrichtung zu teilen.<\/p>\t\t\t\t\t\t\t\t<\/div>\n\t\t\t\t<div class=\"elementor-element elementor-element-b4345b6 elementor-widget elementor-widget-image\" data-id=\"b4345b6\" data-element_type=\"widget\" data-widget_type=\"image.default\">\n\t\t\t\t\t\t\t\t\t\t\t\t\t\t\t<img decoding=\"async\" width=\"750\" height=\"501\" src=\"https:\/\/www.luxuryliving-nachtmann.com\/wp-content\/uploads\/2026\/02\/nosotros-foto3.jpg\" class=\"attachment-full size-full wp-image-507\" alt=\"\" srcset=\"https:\/\/www.luxuryliving-nachtmann.com\/wp-content\/uploads\/2026\/02\/nosotros-foto3.jpg 750w, https:\/\/www.luxuryliving-nachtmann.com\/wp-content\/uploads\/2026\/02\/nosotros-foto3-600x401.jpg 600w, https:\/\/www.luxuryliving-nachtmann.com\/wp-content\/uploads\/2026\/02\/nosotros-foto3-300x200.jpg 300w\" sizes=\"(max-width: 750px) 100vw, 750px\" \/>\t\t\t\t\t\t\t\t\t\t\t\t\t\t\t<\/div>\n\t\t\t\t<\/div>\n\t\t<div class=\"elementor-element elementor-element-562d63b e-con-full e-flex e-con e-child\" data-id=\"562d63b\" data-element_type=\"container\">\n\t\t\t\t<div class=\"elementor-element elementor-element-43e3961 elementor-widget elementor-widget-image\" data-id=\"43e3961\" data-element_type=\"widget\" data-widget_type=\"image.default\">\n\t\t\t\t\t\t\t\t\t\t\t\t\t\t\t<img decoding=\"async\" width=\"900\" height=\"900\" src=\"https:\/\/www.luxuryliving-nachtmann.com\/wp-content\/uploads\/2026\/02\/nosotros-foto2.jpg\" class=\"attachment-full size-full wp-image-505\" alt=\"\" srcset=\"https:\/\/www.luxuryliving-nachtmann.com\/wp-content\/uploads\/2026\/02\/nosotros-foto2.jpg 900w, https:\/\/www.luxuryliving-nachtmann.com\/wp-content\/uploads\/2026\/02\/nosotros-foto2-100x100.jpg 100w, https:\/\/www.luxuryliving-nachtmann.com\/wp-content\/uploads\/2026\/02\/nosotros-foto2-600x600.jpg 600w, https:\/\/www.luxuryliving-nachtmann.com\/wp-content\/uploads\/2026\/02\/nosotros-foto2-300x300.jpg 300w, https:\/\/www.luxuryliving-nachtmann.com\/wp-content\/uploads\/2026\/02\/nosotros-foto2-150x150.jpg 150w, https:\/\/www.luxuryliving-nachtmann.com\/wp-content\/uploads\/2026\/02\/nosotros-foto2-768x768.jpg 768w\" sizes=\"(max-width: 900px) 100vw, 900px\" \/>\t\t\t\t\t\t\t\t\t\t\t\t\t\t\t<\/div>\n\t\t\t\t<div class=\"elementor-element elementor-element-9952bf2 elementor-widget elementor-widget-button\" data-id=\"9952bf2\" data-element_type=\"widget\" data-widget_type=\"button.default\">\n\t\t\t\t\t\t\t\t\t\t<a class=\"elementor-button elementor-button-link elementor-size-sm elementor-animation-shrink\" href=\"https:\/\/www.luxuryliving-nachtmann.com\/de\/kontakt\/\">\n\t\t\t\t\t\t<span class=\"elementor-button-content-wrapper\">\n\t\t\t\t\t\t\t\t\t<span class=\"elementor-button-text\">Kontaktieren Sie uns<\/span>\n\t\t\t\t\t<\/span>\n\t\t\t\t\t<\/a>\n\t\t\t\t\t\t\t\t<\/div>\n\t\t\t\t<\/div>\n\t\t\t\t<\/div>\n\t\t\t\t<\/div>\n\t\t","protected":false},"excerpt":{"rendered":"<p>Das Unternehmen Luxury Living &amp; Fine Art Nachtmann \u00dcber uns Bei Luxury Living &amp; Fine Art Nachtmann ehren wir die Geschichte und die unverwechselbare Seele, die jedes Einzelst\u00fcck in sich tr\u00e4gt. Es ist uns eine Freude, diese zeitlosen Meisterwerke jenen Kennern anzubieten, die unseren exklusiven, k\u00fcrzlich er\u00f6ffneten Showroom in Alhaur\u00edn el Grande besuchen. Gest\u00fctzt auf [&hellip;]<\/p>\n","protected":false},"author":1,"featured_media":0,"parent":0,"menu_order":0,"comment_status":"closed","ping_status":"open","template":"elementor_header_footer","meta":{"footnotes":""},"class_list":["post-657","page","type-page","status-publish","hentry"],"yoast_head":"<!-- This site is optimized with the Yoast SEO plugin v27.3 - https:\/\/yoast.com\/product\/yoast-seo-wordpress\/ -->\n<title>\u00dcber uns: Luxury Living &amp; Fine Art Nachtmann<\/title>\n<meta name=\"description\" content=\"unserem Gesch\u00e4ft in Alhaur\u00edn el Grande bieten wir au\u00dfergew\u00f6hnliche Kunstwerke an. Seit \u00fcber 40 Jahren im Antiquit\u00e4tenhandel t\u00e4tig.\" \/>\n<meta name=\"robots\" content=\"index, follow, max-snippet:-1, max-image-preview:large, max-video-preview:-1\" \/>\n<link rel=\"canonical\" href=\"https:\/\/www.luxuryliving-nachtmann.com\/de\/uns\/\" \/>\n<meta property=\"og:locale\" content=\"de_DE\" \/>\n<meta property=\"og:type\" content=\"article\" \/>\n<meta property=\"og:title\" content=\"\u00dcber uns: Luxury Living &amp; Fine Art Nachtmann\" \/>\n<meta property=\"og:description\" content=\"unserem Gesch\u00e4ft in Alhaur\u00edn el Grande bieten wir au\u00dfergew\u00f6hnliche Kunstwerke an. Seit \u00fcber 40 Jahren im Antiquit\u00e4tenhandel t\u00e4tig.\" \/>\n<meta property=\"og:url\" content=\"https:\/\/www.luxuryliving-nachtmann.com\/de\/uns\/\" \/>\n<meta property=\"og:site_name\" content=\"Luxury Living &amp; Fine Art Nachtmann\" \/>\n<meta property=\"article:modified_time\" content=\"2026-03-25T09:42:39+00:00\" \/>\n<meta property=\"og:image\" content=\"https:\/\/www.luxuryliving-nachtmann.com\/wp-content\/uploads\/2026\/03\/nosotros-head.jpg\" \/>\n<meta name=\"twitter:card\" content=\"summary_large_image\" \/>\n<meta name=\"twitter:label1\" content=\"Gesch\u00e4tzte Lesezeit\" \/>\n\t<meta name=\"twitter:data1\" content=\"2\u00a0Minuten\" \/>\n<!-- \/ Yoast SEO plugin. -->","yoast_head_json":{"title":"\u00dcber uns: Luxury Living & Fine Art Nachtmann","description":"unserem Gesch\u00e4ft in Alhaur\u00edn el Grande bieten wir au\u00dfergew\u00f6hnliche Kunstwerke an. Seit \u00fcber 40 Jahren im Antiquit\u00e4tenhandel t\u00e4tig.","robots":{"index":"index","follow":"follow","max-snippet":"max-snippet:-1","max-image-preview":"max-image-preview:large","max-video-preview":"max-video-preview:-1"},"canonical":"https:\/\/www.luxuryliving-nachtmann.com\/de\/uns\/","og_locale":"de_DE","og_type":"article","og_title":"\u00dcber uns: Luxury Living & Fine Art Nachtmann","og_description":"unserem Gesch\u00e4ft in Alhaur\u00edn el Grande bieten wir au\u00dfergew\u00f6hnliche Kunstwerke an. Seit \u00fcber 40 Jahren im Antiquit\u00e4tenhandel t\u00e4tig.","og_url":"https:\/\/www.luxuryliving-nachtmann.com\/de\/uns\/","og_site_name":"Luxury Living &amp; Fine Art Nachtmann","article_modified_time":"2026-03-25T09:42:39+00:00","og_image":[{"url":"https:\/\/www.luxuryliving-nachtmann.com\/wp-content\/uploads\/2026\/03\/nosotros-head.jpg","type":"","width":"","height":""}],"twitter_card":"summary_large_image","twitter_misc":{"Gesch\u00e4tzte Lesezeit":"2\u00a0Minuten"},"schema":{"@context":"https:\/\/schema.org","@graph":[{"@type":"WebPage","@id":"https:\/\/www.luxuryliving-nachtmann.com\/de\/uns\/","url":"https:\/\/www.luxuryliving-nachtmann.com\/de\/uns\/","name":"\u00dcber uns: Luxury Living & Fine Art Nachtmann","isPartOf":{"@id":"https:\/\/www.luxuryliving-nachtmann.com\/de\/#website"},"primaryImageOfPage":{"@id":"https:\/\/www.luxuryliving-nachtmann.com\/de\/uns\/#primaryimage"},"image":{"@id":"https:\/\/www.luxuryliving-nachtmann.com\/de\/uns\/#primaryimage"},"thumbnailUrl":"https:\/\/www.luxuryliving-nachtmann.com\/wp-content\/uploads\/2026\/03\/nosotros-head.jpg","datePublished":"2026-01-26T15:56:01+00:00","dateModified":"2026-03-25T09:42:39+00:00","description":"unserem Gesch\u00e4ft in Alhaur\u00edn el Grande bieten wir au\u00dfergew\u00f6hnliche Kunstwerke an. Seit \u00fcber 40 Jahren im Antiquit\u00e4tenhandel t\u00e4tig.","breadcrumb":{"@id":"https:\/\/www.luxuryliving-nachtmann.com\/de\/uns\/#breadcrumb"},"inLanguage":"de","potentialAction":[{"@type":"ReadAction","target":["https:\/\/www.luxuryliving-nachtmann.com\/de\/uns\/"]}]},{"@type":"ImageObject","inLanguage":"de","@id":"https:\/\/www.luxuryliving-nachtmann.com\/de\/uns\/#primaryimage","url":"https:\/\/www.luxuryliving-nachtmann.com\/wp-content\/uploads\/2026\/03\/nosotros-head.jpg","contentUrl":"https:\/\/www.luxuryliving-nachtmann.com\/wp-content\/uploads\/2026\/03\/nosotros-head.jpg"},{"@type":"BreadcrumbList","@id":"https:\/\/www.luxuryliving-nachtmann.com\/de\/uns\/#breadcrumb","itemListElement":[{"@type":"ListItem","position":1,"name":"Inicio","item":"https:\/\/www.luxuryliving-nachtmann.com\/de\/"},{"@type":"ListItem","position":2,"name":"Uns"}]},{"@type":"WebSite","@id":"https:\/\/www.luxuryliving-nachtmann.com\/de\/#website","url":"https:\/\/www.luxuryliving-nachtmann.com\/de\/","name":"Luxury Living & Fine Art Nachtmann","description":"","publisher":{"@id":"https:\/\/www.luxuryliving-nachtmann.com\/de\/#organization"},"potentialAction":[{"@type":"SearchAction","target":{"@type":"EntryPoint","urlTemplate":"https:\/\/www.luxuryliving-nachtmann.com\/de\/?s={search_term_string}"},"query-input":{"@type":"PropertyValueSpecification","valueRequired":true,"valueName":"search_term_string"}}],"inLanguage":"de"},{"@type":"Organization","@id":"https:\/\/www.luxuryliving-nachtmann.com\/de\/#organization","name":"Luxury Living & Fine Art Nachtmann","url":"https:\/\/www.luxuryliving-nachtmann.com\/de\/","logo":{"@type":"ImageObject","inLanguage":"de","@id":"https:\/\/www.luxuryliving-nachtmann.com\/de\/#\/schema\/logo\/image\/","url":"https:\/\/www.luxuryliving-nachtmann.com\/wp-content\/uploads\/2026\/01\/luxury-living-art-nachtmann-logotipo.jpg","contentUrl":"https:\/\/www.luxuryliving-nachtmann.com\/wp-content\/uploads\/2026\/01\/luxury-living-art-nachtmann-logotipo.jpg","width":898,"height":650,"caption":"Luxury Living & Fine Art Nachtmann"},"image":{"@id":"https:\/\/www.luxuryliving-nachtmann.com\/de\/#\/schema\/logo\/image\/"}}]}},"_links":{"self":[{"href":"https:\/\/www.luxuryliving-nachtmann.com\/de\/wp-json\/wp\/v2\/pages\/657","targetHints":{"allow":["GET"]}}],"collection":[{"href":"https:\/\/www.luxuryliving-nachtmann.com\/de\/wp-json\/wp\/v2\/pages"}],"about":[{"href":"https:\/\/www.luxuryliving-nachtmann.com\/de\/wp-json\/wp\/v2\/types\/page"}],"author":[{"embeddable":true,"href":"https:\/\/www.luxuryliving-nachtmann.com\/de\/wp-json\/wp\/v2\/users\/1"}],"replies":[{"embeddable":true,"href":"https:\/\/www.luxuryliving-nachtmann.com\/de\/wp-json\/wp\/v2\/comments?post=657"}],"version-history":[{"count":6,"href":"https:\/\/www.luxuryliving-nachtmann.com\/de\/wp-json\/wp\/v2\/pages\/657\/revisions"}],"predecessor-version":[{"id":1734,"href":"https:\/\/www.luxuryliving-nachtmann.com\/de\/wp-json\/wp\/v2\/pages\/657\/revisions\/1734"}],"wp:attachment":[{"href":"https:\/\/www.luxuryliving-nachtmann.com\/de\/wp-json\/wp\/v2\/media?parent=657"}],"curies":[{"name":"wp","href":"https:\/\/api.w.org\/{rel}","templated":true}]}}