{"id":664,"date":"2026-01-26T16:32:17","date_gmt":"2026-01-26T16:32:17","guid":{"rendered":"https:\/\/www.luxuryliving-nachtmann.com\/colecciones\/"},"modified":"2026-03-25T09:43:59","modified_gmt":"2026-03-25T09:43:59","slug":"kategorien","status":"publish","type":"page","link":"https:\/\/www.luxuryliving-nachtmann.com\/de\/kategorien\/","title":{"rendered":"Kategorien"},"content":{"rendered":"\t\t<div data-elementor-type=\"wp-page\" data-elementor-id=\"664\" class=\"elementor elementor-664 elementor-89\" data-elementor-post-type=\"page\">\n\t\t\t\t<div class=\"elementor-element elementor-element-44ca58e e-con-full e-flex e-con e-parent\" data-id=\"44ca58e\" data-element_type=\"container\" data-settings=\"{&quot;background_background&quot;:&quot;classic&quot;}\">\n\t\t<div class=\"elementor-element elementor-element-5a30e65 e-con-full e-flex e-con e-child\" data-id=\"5a30e65\" data-element_type=\"container\">\n\t\t\t\t<div class=\"elementor-element elementor-element-7b238ac elementor-widget elementor-widget-image\" data-id=\"7b238ac\" data-element_type=\"widget\" data-widget_type=\"image.default\">\n\t\t\t\t\t\t\t\t\t\t\t\t\t\t\t<img fetchpriority=\"high\" decoding=\"async\" width=\"1920\" height=\"995\" src=\"https:\/\/www.luxuryliving-nachtmann.com\/wp-content\/uploads\/2026\/03\/colecciones-head.jpg\" class=\"attachment-full size-full wp-image-517\" alt=\"\" srcset=\"https:\/\/www.luxuryliving-nachtmann.com\/wp-content\/uploads\/2026\/03\/colecciones-head.jpg 1920w, https:\/\/www.luxuryliving-nachtmann.com\/wp-content\/uploads\/2026\/03\/colecciones-head-600x311.jpg 600w, https:\/\/www.luxuryliving-nachtmann.com\/wp-content\/uploads\/2026\/03\/colecciones-head-300x155.jpg 300w, https:\/\/www.luxuryliving-nachtmann.com\/wp-content\/uploads\/2026\/03\/colecciones-head-1024x531.jpg 1024w, https:\/\/www.luxuryliving-nachtmann.com\/wp-content\/uploads\/2026\/03\/colecciones-head-768x398.jpg 768w, https:\/\/www.luxuryliving-nachtmann.com\/wp-content\/uploads\/2026\/03\/colecciones-head-1536x796.jpg 1536w\" sizes=\"(max-width: 1920px) 100vw, 1920px\" \/>\t\t\t\t\t\t\t\t\t\t\t\t\t\t\t<\/div>\n\t\t\t\t<\/div>\n\t\t<div class=\"elementor-element elementor-element-4b6278d e-con-full e-flex e-con e-child\" data-id=\"4b6278d\" data-element_type=\"container\">\n\t\t\t\t<div class=\"elementor-element elementor-element-e5a0d1a elementor-widget elementor-widget-heading\" data-id=\"e5a0d1a\" data-element_type=\"widget\" data-widget_type=\"heading.default\">\n\t\t\t\t\t<h1 class=\"elementor-heading-title elementor-size-default\">Kategorien<\/h1>\t\t\t\t<\/div>\n\t\t\t\t<div class=\"elementor-element elementor-element-93fa2d9 elementor-widget elementor-widget-text-editor\" data-id=\"93fa2d9\" data-element_type=\"widget\" data-widget_type=\"text-editor.default\">\n\t\t\t\t\t\t\t\t\t<p>Jede Kollektion vereint zeitlose Sch\u00f6nheit, reiche Geschichte und au\u00dfergew\u00f6hnliche Eleganz. Von erlesenen M\u00f6belst\u00fccken vergangener Epochen \u00fcber hauchzarte Porzellane und erlesenen asiatische Kunstwerken bis hin zu kostbaren Schmuckst\u00fccken, die \u00fcber Generationen hinweg ihren Glanz bewahrt haben.<\/p>\t\t\t\t\t\t\t\t<\/div>\n\t\t\t\t<\/div>\n\t\t\t\t<\/div>\n\t\t<div class=\"elementor-element elementor-element-b37518f e-con-full e-flex e-con e-parent\" data-id=\"b37518f\" data-element_type=\"container\" data-settings=\"{&quot;background_background&quot;:&quot;classic&quot;}\">\n\t\t<div class=\"elementor-element elementor-element-1eeaef2 e-con-full e-flex e-con e-child\" data-id=\"1eeaef2\" data-element_type=\"container\">\n\t\t\t\t<div class=\"elementor-element elementor-element-a639fa1 elementor-cta--skin-cover elementor-cta--valign-bottom elementor-widget elementor-widget-call-to-action\" data-id=\"a639fa1\" data-element_type=\"widget\" data-widget_type=\"call-to-action.default\">\n\t\t\t\t\t\t\t<a class=\"elementor-cta\" href=\"https:\/\/www.luxuryliving-nachtmann.com\/de\/categoria-producto\/moebel\/\">\n\t\t\t\t\t<div class=\"elementor-cta__bg-wrapper\">\n\t\t\t\t<div class=\"elementor-cta__bg elementor-bg\" style=\"background-image: url(https:\/\/www.luxuryliving-nachtmann.com\/wp-content\/uploads\/2026\/03\/muebles-fot.jpg);\" role=\"img\" aria-label=\"muebles-fot\"><\/div>\n\t\t\t\t<div class=\"elementor-cta__bg-overlay\"><\/div>\n\t\t\t<\/div>\n\t\t\t\t\t\t\t<div class=\"elementor-cta__content\">\n\t\t\t\t\n\t\t\t\t\t\t\t\t\t<h3 class=\"elementor-cta__title elementor-cta__content-item elementor-content-item\">\n\t\t\t\t\t\tM\u00f6bel\t\t\t\t\t<\/h3>\n\t\t\t\t\n\t\t\t\t\n\t\t\t\t\t\t\t<\/div>\n\t\t\t\t\t\t<\/a>\n\t\t\t\t\t\t<\/div>\n\t\t\t\t<\/div>\n\t\t<div class=\"elementor-element elementor-element-34c25d1 e-con-full e-flex e-con e-child\" data-id=\"34c25d1\" data-element_type=\"container\">\n\t\t\t\t<div class=\"elementor-element elementor-element-3d8eb55 elementor-cta--skin-cover elementor-cta--valign-bottom elementor-widget elementor-widget-call-to-action\" data-id=\"3d8eb55\" data-element_type=\"widget\" data-widget_type=\"call-to-action.default\">\n\t\t\t\t\t\t\t<a class=\"elementor-cta\" href=\"https:\/\/www.luxuryliving-nachtmann.com\/de\/categoria-producto\/gemaelde\/\">\n\t\t\t\t\t<div class=\"elementor-cta__bg-wrapper\">\n\t\t\t\t<div class=\"elementor-cta__bg elementor-bg\" style=\"background-image: url(https:\/\/www.luxuryliving-nachtmann.com\/wp-content\/uploads\/2026\/03\/pinturas-colection.jpg);\" role=\"img\" aria-label=\"pinturas-colection\"><\/div>\n\t\t\t\t<div class=\"elementor-cta__bg-overlay\"><\/div>\n\t\t\t<\/div>\n\t\t\t\t\t\t\t<div class=\"elementor-cta__content\">\n\t\t\t\t\n\t\t\t\t\t\t\t\t\t<h3 class=\"elementor-cta__title elementor-cta__content-item elementor-content-item\">\n\t\t\t\t\t\tGem\u00e4lde\t\t\t\t\t<\/h3>\n\t\t\t\t\n\t\t\t\t\n\t\t\t\t\t\t\t<\/div>\n\t\t\t\t\t\t<\/a>\n\t\t\t\t\t\t<\/div>\n\t\t\t\t<\/div>\n\t\t<div class=\"elementor-element elementor-element-73c84ef e-con-full e-flex e-con e-child\" data-id=\"73c84ef\" data-element_type=\"container\">\n\t\t\t\t<div class=\"elementor-element elementor-element-fa31293 elementor-cta--skin-cover elementor-cta--valign-bottom elementor-widget elementor-widget-call-to-action\" data-id=\"fa31293\" data-element_type=\"widget\" data-widget_type=\"call-to-action.default\">\n\t\t\t\t\t\t\t<a class=\"elementor-cta\" href=\"https:\/\/www.luxuryliving-nachtmann.com\/de\/categoria-producto\/skulpturen\/\">\n\t\t\t\t\t<div class=\"elementor-cta__bg-wrapper\">\n\t\t\t\t<div class=\"elementor-cta__bg elementor-bg\" style=\"background-image: url(https:\/\/www.luxuryliving-nachtmann.com\/wp-content\/uploads\/2026\/03\/esculturas-colection.jpg);\" role=\"img\" aria-label=\"esculturas-colection\"><\/div>\n\t\t\t\t<div class=\"elementor-cta__bg-overlay\"><\/div>\n\t\t\t<\/div>\n\t\t\t\t\t\t\t<div class=\"elementor-cta__content\">\n\t\t\t\t\n\t\t\t\t\t\t\t\t\t<h3 class=\"elementor-cta__title elementor-cta__content-item elementor-content-item\">\n\t\t\t\t\t\tSkulpturen\t\t\t\t\t<\/h3>\n\t\t\t\t\n\t\t\t\t\n\t\t\t\t\t\t\t<\/div>\n\t\t\t\t\t\t<\/a>\n\t\t\t\t\t\t<\/div>\n\t\t\t\t<\/div>\n\t\t<div class=\"elementor-element elementor-element-247566b e-con-full e-flex e-con e-child\" data-id=\"247566b\" data-element_type=\"container\">\n\t\t\t\t<div class=\"elementor-element elementor-element-fc2f316 elementor-cta--skin-cover elementor-cta--valign-bottom elementor-widget elementor-widget-call-to-action\" data-id=\"fc2f316\" data-element_type=\"widget\" data-widget_type=\"call-to-action.default\">\n\t\t\t\t\t\t\t<a class=\"elementor-cta\" href=\"https:\/\/www.luxuryliving-nachtmann.com\/de\/categoria-producto\/sakrale-kunst\/\">\n\t\t\t\t\t<div class=\"elementor-cta__bg-wrapper\">\n\t\t\t\t<div class=\"elementor-cta__bg elementor-bg\" style=\"background-image: url(https:\/\/www.luxuryliving-nachtmann.com\/wp-content\/uploads\/2026\/03\/arte-religioso-colection.jpg);\" role=\"img\" aria-label=\"arte-religioso-colection\"><\/div>\n\t\t\t\t<div class=\"elementor-cta__bg-overlay\"><\/div>\n\t\t\t<\/div>\n\t\t\t\t\t\t\t<div class=\"elementor-cta__content\">\n\t\t\t\t\n\t\t\t\t\t\t\t\t\t<h3 class=\"elementor-cta__title elementor-cta__content-item elementor-content-item\">\n\t\t\t\t\t\tSakrale Kunst\t\t\t\t\t<\/h3>\n\t\t\t\t\n\t\t\t\t\n\t\t\t\t\t\t\t<\/div>\n\t\t\t\t\t\t<\/a>\n\t\t\t\t\t\t<\/div>\n\t\t\t\t<\/div>\n\t\t\t\t<\/div>\n\t\t<div class=\"elementor-element elementor-element-00ae5d3 e-con-full e-flex e-con e-parent\" data-id=\"00ae5d3\" data-element_type=\"container\" data-settings=\"{&quot;background_background&quot;:&quot;classic&quot;}\">\n\t\t<div class=\"elementor-element elementor-element-c317341 e-con-full e-flex e-con e-child\" data-id=\"c317341\" data-element_type=\"container\">\n\t\t\t\t<div class=\"elementor-element elementor-element-9998d56 elementor-cta--skin-cover elementor-cta--valign-bottom elementor-widget elementor-widget-call-to-action\" data-id=\"9998d56\" data-element_type=\"widget\" data-widget_type=\"call-to-action.default\">\n\t\t\t\t\t\t\t<a class=\"elementor-cta\" href=\"https:\/\/www.luxuryliving-nachtmann.com\/de\/categoria-producto\/silber\/\">\n\t\t\t\t\t<div class=\"elementor-cta__bg-wrapper\">\n\t\t\t\t<div class=\"elementor-cta__bg elementor-bg\" style=\"background-image: url(https:\/\/www.luxuryliving-nachtmann.com\/wp-content\/uploads\/2026\/03\/plata-colection.jpg);\" role=\"img\" aria-label=\"plata-colection\"><\/div>\n\t\t\t\t<div class=\"elementor-cta__bg-overlay\"><\/div>\n\t\t\t<\/div>\n\t\t\t\t\t\t\t<div class=\"elementor-cta__content\">\n\t\t\t\t\n\t\t\t\t\t\t\t\t\t<h3 class=\"elementor-cta__title elementor-cta__content-item elementor-content-item\">\n\t\t\t\t\t\tSilber\t\t\t\t\t<\/h3>\n\t\t\t\t\n\t\t\t\t\n\t\t\t\t\t\t\t<\/div>\n\t\t\t\t\t\t<\/a>\n\t\t\t\t\t\t<\/div>\n\t\t\t\t<\/div>\n\t\t<div class=\"elementor-element elementor-element-d6226b1 e-con-full e-flex e-con e-child\" data-id=\"d6226b1\" data-element_type=\"container\">\n\t\t\t\t<div class=\"elementor-element elementor-element-89e7ab8 elementor-cta--skin-cover elementor-cta--valign-bottom elementor-widget elementor-widget-call-to-action\" data-id=\"89e7ab8\" data-element_type=\"widget\" data-widget_type=\"call-to-action.default\">\n\t\t\t\t\t\t\t<a class=\"elementor-cta\" href=\"https:\/\/www.luxuryliving-nachtmann.com\/de\/categoria-producto\/asiatika-de\/\">\n\t\t\t\t\t<div class=\"elementor-cta__bg-wrapper\">\n\t\t\t\t<div class=\"elementor-cta__bg elementor-bg\" style=\"background-image: url(https:\/\/www.luxuryliving-nachtmann.com\/wp-content\/uploads\/2026\/03\/asiatico-arte-foto.jpg);\" role=\"img\" aria-label=\"asiatico-arte-foto\"><\/div>\n\t\t\t\t<div class=\"elementor-cta__bg-overlay\"><\/div>\n\t\t\t<\/div>\n\t\t\t\t\t\t\t<div class=\"elementor-cta__content\">\n\t\t\t\t\n\t\t\t\t\t\t\t\t\t<h3 class=\"elementor-cta__title elementor-cta__content-item elementor-content-item\">\n\t\t\t\t\t\tAsiatika\t\t\t\t\t<\/h3>\n\t\t\t\t\n\t\t\t\t\n\t\t\t\t\t\t\t<\/div>\n\t\t\t\t\t\t<\/a>\n\t\t\t\t\t\t<\/div>\n\t\t\t\t<\/div>\n\t\t<div class=\"elementor-element elementor-element-304752e e-con-full e-flex e-con e-child\" data-id=\"304752e\" data-element_type=\"container\">\n\t\t\t\t<div class=\"elementor-element elementor-element-d16be70 elementor-cta--skin-cover elementor-cta--valign-bottom elementor-widget elementor-widget-call-to-action\" data-id=\"d16be70\" data-element_type=\"widget\" data-widget_type=\"call-to-action.default\">\n\t\t\t\t\t\t\t<a class=\"elementor-cta\" href=\"https:\/\/www.luxuryliving-nachtmann.com\/de\/categoria-producto\/porzellan-fayence\/\">\n\t\t\t\t\t<div class=\"elementor-cta__bg-wrapper\">\n\t\t\t\t<div class=\"elementor-cta__bg elementor-bg\" style=\"background-image: url(https:\/\/www.luxuryliving-nachtmann.com\/wp-content\/uploads\/2026\/03\/porcelana-colection.jpg);\" role=\"img\" aria-label=\"porcelana-colection\"><\/div>\n\t\t\t\t<div class=\"elementor-cta__bg-overlay\"><\/div>\n\t\t\t<\/div>\n\t\t\t\t\t\t\t<div class=\"elementor-cta__content\">\n\t\t\t\t\n\t\t\t\t\t\t\t\t\t<h3 class=\"elementor-cta__title elementor-cta__content-item elementor-content-item\">\n\t\t\t\t\t\tPorzellan &amp; Fayence\t\t\t\t\t<\/h3>\n\t\t\t\t\n\t\t\t\t\n\t\t\t\t\t\t\t<\/div>\n\t\t\t\t\t\t<\/a>\n\t\t\t\t\t\t<\/div>\n\t\t\t\t<\/div>\n\t\t<div class=\"elementor-element elementor-element-bbd9252 e-con-full e-flex e-con e-child\" data-id=\"bbd9252\" data-element_type=\"container\">\n\t\t\t\t<div class=\"elementor-element elementor-element-369cfc2 elementor-cta--skin-cover elementor-cta--valign-bottom elementor-widget elementor-widget-call-to-action\" data-id=\"369cfc2\" data-element_type=\"widget\" data-widget_type=\"call-to-action.default\">\n\t\t\t\t\t\t\t<a class=\"elementor-cta\" href=\"https:\/\/www.luxuryliving-nachtmann.com\/de\/categoria-producto\/lampen-und-leuchter\/\">\n\t\t\t\t\t<div class=\"elementor-cta__bg-wrapper\">\n\t\t\t\t<div class=\"elementor-cta__bg elementor-bg\" style=\"background-image: url(https:\/\/www.luxuryliving-nachtmann.com\/wp-content\/uploads\/2026\/03\/lamparas-colection.jpg);\" role=\"img\" aria-label=\"lamparas-colection\"><\/div>\n\t\t\t\t<div class=\"elementor-cta__bg-overlay\"><\/div>\n\t\t\t<\/div>\n\t\t\t\t\t\t\t<div class=\"elementor-cta__content\">\n\t\t\t\t\n\t\t\t\t\t\t\t\t\t<h3 class=\"elementor-cta__title elementor-cta__content-item elementor-content-item\">\n\t\t\t\t\t\tLampen und Leuchter\t\t\t\t\t<\/h3>\n\t\t\t\t\n\t\t\t\t\n\t\t\t\t\t\t\t<\/div>\n\t\t\t\t\t\t<\/a>\n\t\t\t\t\t\t<\/div>\n\t\t\t\t<\/div>\n\t\t\t\t<\/div>\n\t\t<div class=\"elementor-element elementor-element-f702a9d e-con-full e-flex e-con e-parent\" data-id=\"f702a9d\" data-element_type=\"container\" data-settings=\"{&quot;background_background&quot;:&quot;classic&quot;}\">\n\t\t<div class=\"elementor-element elementor-element-13cc3ef e-con-full e-flex e-con e-child\" data-id=\"13cc3ef\" data-element_type=\"container\">\n\t\t\t\t<div class=\"elementor-element elementor-element-8bb609e elementor-cta--skin-cover elementor-cta--valign-bottom elementor-widget elementor-widget-call-to-action\" data-id=\"8bb609e\" data-element_type=\"widget\" data-widget_type=\"call-to-action.default\">\n\t\t\t\t\t\t\t<a class=\"elementor-cta\" href=\"https:\/\/www.luxuryliving-nachtmann.com\/de\/categoria-producto\/schmuck-und-uhren\/\">\n\t\t\t\t\t<div class=\"elementor-cta__bg-wrapper\">\n\t\t\t\t<div class=\"elementor-cta__bg elementor-bg\" style=\"background-image: url(https:\/\/www.luxuryliving-nachtmann.com\/wp-content\/uploads\/2026\/03\/joyas-colection.jpg);\" role=\"img\" aria-label=\"joyas-colection\"><\/div>\n\t\t\t\t<div class=\"elementor-cta__bg-overlay\"><\/div>\n\t\t\t<\/div>\n\t\t\t\t\t\t\t<div class=\"elementor-cta__content\">\n\t\t\t\t\n\t\t\t\t\t\t\t\t\t<h3 class=\"elementor-cta__title elementor-cta__content-item elementor-content-item\">\n\t\t\t\t\t\tSchmuck und Uhren\t\t\t\t\t<\/h3>\n\t\t\t\t\n\t\t\t\t\n\t\t\t\t\t\t\t<\/div>\n\t\t\t\t\t\t<\/a>\n\t\t\t\t\t\t<\/div>\n\t\t\t\t<\/div>\n\t\t<div class=\"elementor-element elementor-element-af82075 e-con-full e-flex e-con e-child\" data-id=\"af82075\" data-element_type=\"container\">\n\t\t\t\t<div class=\"elementor-element elementor-element-9cb4fb8 elementor-cta--skin-cover elementor-cta--valign-bottom elementor-widget elementor-widget-call-to-action\" data-id=\"9cb4fb8\" data-element_type=\"widget\" data-widget_type=\"call-to-action.default\">\n\t\t\t\t\t\t\t<a class=\"elementor-cta\" href=\"https:\/\/www.luxuryliving-nachtmann.com\/de\/categoria-producto\/glas\/\">\n\t\t\t\t\t<div class=\"elementor-cta__bg-wrapper\">\n\t\t\t\t<div class=\"elementor-cta__bg elementor-bg\" style=\"background-image: url(https:\/\/www.luxuryliving-nachtmann.com\/wp-content\/uploads\/2026\/03\/vidrio-colection.jpg);\" role=\"img\" aria-label=\"vidrio-colection\"><\/div>\n\t\t\t\t<div class=\"elementor-cta__bg-overlay\"><\/div>\n\t\t\t<\/div>\n\t\t\t\t\t\t\t<div class=\"elementor-cta__content\">\n\t\t\t\t\n\t\t\t\t\t\t\t\t\t<h3 class=\"elementor-cta__title elementor-cta__content-item elementor-content-item\">\n\t\t\t\t\t\tGlas\t\t\t\t\t<\/h3>\n\t\t\t\t\n\t\t\t\t\n\t\t\t\t\t\t\t<\/div>\n\t\t\t\t\t\t<\/a>\n\t\t\t\t\t\t<\/div>\n\t\t\t\t<\/div>\n\t\t<div class=\"elementor-element elementor-element-b375cf0 e-con-full e-flex e-con e-child\" data-id=\"b375cf0\" data-element_type=\"container\">\n\t\t\t\t<div class=\"elementor-element elementor-element-6b60188 elementor-cta--skin-cover elementor-cta--valign-bottom elementor-widget elementor-widget-call-to-action\" data-id=\"6b60188\" data-element_type=\"widget\" data-widget_type=\"call-to-action.default\">\n\t\t\t\t\t\t\t<a class=\"elementor-cta\" href=\"https:\/\/www.luxuryliving-nachtmann.com\/de\/categoria-producto\/garten-konstruktion\/\">\n\t\t\t\t\t<div class=\"elementor-cta__bg-wrapper\">\n\t\t\t\t<div class=\"elementor-cta__bg elementor-bg\" style=\"background-image: url(https:\/\/www.luxuryliving-nachtmann.com\/wp-content\/uploads\/2026\/03\/jardin-colection.jpg);\" role=\"img\" aria-label=\"jardin-colection\"><\/div>\n\t\t\t\t<div class=\"elementor-cta__bg-overlay\"><\/div>\n\t\t\t<\/div>\n\t\t\t\t\t\t\t<div class=\"elementor-cta__content\">\n\t\t\t\t\n\t\t\t\t\t\t\t\t\t<h3 class=\"elementor-cta__title elementor-cta__content-item elementor-content-item\">\n\t\t\t\t\t\tGarten &amp; Konstruktion\t\t\t\t\t<\/h3>\n\t\t\t\t\n\t\t\t\t\n\t\t\t\t\t\t\t<\/div>\n\t\t\t\t\t\t<\/a>\n\t\t\t\t\t\t<\/div>\n\t\t\t\t<\/div>\n\t\t<div class=\"elementor-element elementor-element-76af8f5 e-con-full e-flex e-con e-child\" data-id=\"76af8f5\" data-element_type=\"container\">\n\t\t\t\t<div class=\"elementor-element elementor-element-31b7ec5 elementor-cta--skin-cover elementor-cta--valign-bottom elementor-widget elementor-widget-call-to-action\" data-id=\"31b7ec5\" data-element_type=\"widget\" data-widget_type=\"call-to-action.default\">\n\t\t\t\t\t\t\t<a class=\"elementor-cta\" href=\"https:\/\/www.luxuryliving-nachtmann.com\/de\/categoria-producto\/anderes\/\">\n\t\t\t\t\t<div class=\"elementor-cta__bg-wrapper\">\n\t\t\t\t<div class=\"elementor-cta__bg elementor-bg\" style=\"background-image: url(https:\/\/www.luxuryliving-nachtmann.com\/wp-content\/uploads\/2026\/03\/otros-colecc.jpg);\" role=\"img\" aria-label=\"otros-colecc\"><\/div>\n\t\t\t\t<div class=\"elementor-cta__bg-overlay\"><\/div>\n\t\t\t<\/div>\n\t\t\t\t\t\t\t<div class=\"elementor-cta__content\">\n\t\t\t\t\n\t\t\t\t\t\t\t\t\t<h3 class=\"elementor-cta__title elementor-cta__content-item elementor-content-item\">\n\t\t\t\t\t\tAnderes\t\t\t\t\t<\/h3>\n\t\t\t\t\n\t\t\t\t\n\t\t\t\t\t\t\t<\/div>\n\t\t\t\t\t\t<\/a>\n\t\t\t\t\t\t<\/div>\n\t\t\t\t<\/div>\n\t\t\t\t<\/div>\n\t\t\t\t<\/div>\n\t\t","protected":false},"excerpt":{"rendered":"<p>Kategorien Jede Kollektion vereint zeitlose Sch\u00f6nheit, reiche Geschichte und au\u00dfergew\u00f6hnliche Eleganz. Von erlesenen M\u00f6belst\u00fccken vergangener Epochen \u00fcber hauchzarte Porzellane und erlesenen asiatische Kunstwerken bis hin zu kostbaren Schmuckst\u00fccken, die \u00fcber Generationen hinweg ihren Glanz bewahrt haben. &nbsp; M\u00f6bel &nbsp; Gem\u00e4lde &nbsp; Skulpturen &nbsp; Sakrale Kunst &nbsp; Silber &nbsp; Asiatika &nbsp; Porzellan &amp; Fayence &nbsp; Lampen [&hellip;]<\/p>\n","protected":false},"author":1,"featured_media":0,"parent":0,"menu_order":0,"comment_status":"closed","ping_status":"closed","template":"elementor_header_footer","meta":{"footnotes":""},"class_list":["post-664","page","type-page","status-publish","hentry"],"yoast_head":"<!-- This site is optimized with the Yoast SEO plugin v27.3 - https:\/\/yoast.com\/product\/yoast-seo-wordpress\/ -->\n<title>Unsere Kategorien | Luxury Living &amp; Fine Art Nachtmann<\/title>\n<meta name=\"description\" content=\"Jede Kollektion ist einzigartig.Von Stilm\u00f6beln \u00fcber Porzellan bis hin zu asiatischer Kunst, die von Generation zu Generation weitergegeben wurde\" \/>\n<meta name=\"robots\" content=\"index, follow, max-snippet:-1, max-image-preview:large, max-video-preview:-1\" \/>\n<link rel=\"canonical\" href=\"https:\/\/www.luxuryliving-nachtmann.com\/de\/kategorien\/\" \/>\n<meta property=\"og:locale\" content=\"de_DE\" \/>\n<meta property=\"og:type\" content=\"article\" \/>\n<meta property=\"og:title\" content=\"Unsere Kategorien | Luxury Living &amp; Fine Art Nachtmann\" \/>\n<meta property=\"og:description\" content=\"Jede Kollektion ist einzigartig.Von Stilm\u00f6beln \u00fcber Porzellan bis hin zu asiatischer Kunst, die von Generation zu Generation weitergegeben wurde\" \/>\n<meta property=\"og:url\" content=\"https:\/\/www.luxuryliving-nachtmann.com\/de\/kategorien\/\" \/>\n<meta property=\"og:site_name\" content=\"Luxury Living &amp; Fine Art Nachtmann\" \/>\n<meta property=\"article:modified_time\" content=\"2026-03-25T09:43:59+00:00\" \/>\n<meta property=\"og:image\" content=\"https:\/\/www.luxuryliving-nachtmann.com\/wp-content\/uploads\/2026\/03\/colecciones-head.jpg\" \/>\n<meta name=\"twitter:card\" content=\"summary_large_image\" \/>\n<meta name=\"twitter:label1\" content=\"Gesch\u00e4tzte Lesezeit\" \/>\n\t<meta name=\"twitter:data1\" content=\"1\u00a0Minute\" \/>\n<!-- \/ Yoast SEO plugin. -->","yoast_head_json":{"title":"Unsere Kategorien | Luxury Living & Fine Art Nachtmann","description":"Jede Kollektion ist einzigartig.Von Stilm\u00f6beln \u00fcber Porzellan bis hin zu asiatischer Kunst, die von Generation zu Generation weitergegeben wurde","robots":{"index":"index","follow":"follow","max-snippet":"max-snippet:-1","max-image-preview":"max-image-preview:large","max-video-preview":"max-video-preview:-1"},"canonical":"https:\/\/www.luxuryliving-nachtmann.com\/de\/kategorien\/","og_locale":"de_DE","og_type":"article","og_title":"Unsere Kategorien | Luxury Living & Fine Art Nachtmann","og_description":"Jede Kollektion ist einzigartig.Von Stilm\u00f6beln \u00fcber Porzellan bis hin zu asiatischer Kunst, die von Generation zu Generation weitergegeben wurde","og_url":"https:\/\/www.luxuryliving-nachtmann.com\/de\/kategorien\/","og_site_name":"Luxury Living &amp; Fine Art Nachtmann","article_modified_time":"2026-03-25T09:43:59+00:00","og_image":[{"url":"https:\/\/www.luxuryliving-nachtmann.com\/wp-content\/uploads\/2026\/03\/colecciones-head.jpg","type":"","width":"","height":""}],"twitter_card":"summary_large_image","twitter_misc":{"Gesch\u00e4tzte Lesezeit":"1\u00a0Minute"},"schema":{"@context":"https:\/\/schema.org","@graph":[{"@type":"WebPage","@id":"https:\/\/www.luxuryliving-nachtmann.com\/de\/kategorien\/","url":"https:\/\/www.luxuryliving-nachtmann.com\/de\/kategorien\/","name":"Unsere Kategorien | Luxury Living & Fine Art Nachtmann","isPartOf":{"@id":"https:\/\/www.luxuryliving-nachtmann.com\/de\/#website"},"primaryImageOfPage":{"@id":"https:\/\/www.luxuryliving-nachtmann.com\/de\/kategorien\/#primaryimage"},"image":{"@id":"https:\/\/www.luxuryliving-nachtmann.com\/de\/kategorien\/#primaryimage"},"thumbnailUrl":"https:\/\/www.luxuryliving-nachtmann.com\/wp-content\/uploads\/2026\/03\/colecciones-head.jpg","datePublished":"2026-01-26T16:32:17+00:00","dateModified":"2026-03-25T09:43:59+00:00","description":"Jede Kollektion ist einzigartig.Von Stilm\u00f6beln \u00fcber Porzellan bis hin zu asiatischer Kunst, die von Generation zu Generation weitergegeben wurde","breadcrumb":{"@id":"https:\/\/www.luxuryliving-nachtmann.com\/de\/kategorien\/#breadcrumb"},"inLanguage":"de","potentialAction":[{"@type":"ReadAction","target":["https:\/\/www.luxuryliving-nachtmann.com\/de\/kategorien\/"]}]},{"@type":"ImageObject","inLanguage":"de","@id":"https:\/\/www.luxuryliving-nachtmann.com\/de\/kategorien\/#primaryimage","url":"https:\/\/www.luxuryliving-nachtmann.com\/wp-content\/uploads\/2026\/03\/colecciones-head.jpg","contentUrl":"https:\/\/www.luxuryliving-nachtmann.com\/wp-content\/uploads\/2026\/03\/colecciones-head.jpg"},{"@type":"BreadcrumbList","@id":"https:\/\/www.luxuryliving-nachtmann.com\/de\/kategorien\/#breadcrumb","itemListElement":[{"@type":"ListItem","position":1,"name":"Inicio","item":"https:\/\/www.luxuryliving-nachtmann.com\/de\/"},{"@type":"ListItem","position":2,"name":"Kategorien"}]},{"@type":"WebSite","@id":"https:\/\/www.luxuryliving-nachtmann.com\/de\/#website","url":"https:\/\/www.luxuryliving-nachtmann.com\/de\/","name":"Luxury Living & Fine Art Nachtmann","description":"","publisher":{"@id":"https:\/\/www.luxuryliving-nachtmann.com\/de\/#organization"},"potentialAction":[{"@type":"SearchAction","target":{"@type":"EntryPoint","urlTemplate":"https:\/\/www.luxuryliving-nachtmann.com\/de\/?s={search_term_string}"},"query-input":{"@type":"PropertyValueSpecification","valueRequired":true,"valueName":"search_term_string"}}],"inLanguage":"de"},{"@type":"Organization","@id":"https:\/\/www.luxuryliving-nachtmann.com\/de\/#organization","name":"Luxury Living & Fine Art Nachtmann","url":"https:\/\/www.luxuryliving-nachtmann.com\/de\/","logo":{"@type":"ImageObject","inLanguage":"de","@id":"https:\/\/www.luxuryliving-nachtmann.com\/de\/#\/schema\/logo\/image\/","url":"https:\/\/www.luxuryliving-nachtmann.com\/wp-content\/uploads\/2026\/01\/luxury-living-art-nachtmann-logotipo.jpg","contentUrl":"https:\/\/www.luxuryliving-nachtmann.com\/wp-content\/uploads\/2026\/01\/luxury-living-art-nachtmann-logotipo.jpg","width":898,"height":650,"caption":"Luxury Living & Fine Art Nachtmann"},"image":{"@id":"https:\/\/www.luxuryliving-nachtmann.com\/de\/#\/schema\/logo\/image\/"}}]}},"_links":{"self":[{"href":"https:\/\/www.luxuryliving-nachtmann.com\/de\/wp-json\/wp\/v2\/pages\/664","targetHints":{"allow":["GET"]}}],"collection":[{"href":"https:\/\/www.luxuryliving-nachtmann.com\/de\/wp-json\/wp\/v2\/pages"}],"about":[{"href":"https:\/\/www.luxuryliving-nachtmann.com\/de\/wp-json\/wp\/v2\/types\/page"}],"author":[{"embeddable":true,"href":"https:\/\/www.luxuryliving-nachtmann.com\/de\/wp-json\/wp\/v2\/users\/1"}],"replies":[{"embeddable":true,"href":"https:\/\/www.luxuryliving-nachtmann.com\/de\/wp-json\/wp\/v2\/comments?post=664"}],"version-history":[{"count":9,"href":"https:\/\/www.luxuryliving-nachtmann.com\/de\/wp-json\/wp\/v2\/pages\/664\/revisions"}],"predecessor-version":[{"id":1737,"href":"https:\/\/www.luxuryliving-nachtmann.com\/de\/wp-json\/wp\/v2\/pages\/664\/revisions\/1737"}],"wp:attachment":[{"href":"https:\/\/www.luxuryliving-nachtmann.com\/de\/wp-json\/wp\/v2\/media?parent=664"}],"curies":[{"name":"wp","href":"https:\/\/api.w.org\/{rel}","templated":true}]}}