{"id":1067,"date":"2026-03-13T14:53:52","date_gmt":"2026-03-13T14:53:52","guid":{"rendered":"https:\/\/www.luxuryliving-nachtmann.com\/?post_type=product&#038;p=1067"},"modified":"2026-03-13T14:53:52","modified_gmt":"2026-03-13T14:53:52","slug":"meisterhaftes-buerokabinett-sekretaer","status":"publish","type":"product","link":"https:\/\/www.luxuryliving-nachtmann.com\/de\/producto\/meisterhaftes-buerokabinett-sekretaer\/","title":{"rendered":"Meisterhaftes B\u00fcrokabinett \/ Sekret\u00e4r"},"content":{"rendered":"","protected":false},"excerpt":{"rendered":"<p>Kopenhagen um 1745<\/p>\n<p>Nu\u00dfbaum \/ Walnu\u00df<br \/>\nGeschnitzte goldene Verzierungen<br \/>\nOriginal vergoldete Bronzebeschl\u00e4ge<br \/>\nWohl Werkstatt Matthiat Ortmann (1692-1757)<br \/>\nMa\u00dfe: H281cm x B120cm x T60cm<\/p>\n","protected":false},"featured_media":1068,"template":"","meta":[],"product_brand":[],"product_cat":[72],"product_tag":[],"class_list":{"0":"post-1067","1":"product","2":"type-product","3":"status-publish","4":"has-post-thumbnail","6":"product_cat-moebel","8":"first","9":"instock","10":"shipping-taxable","11":"product-type-simple"},"yoast_head":"<!-- This site is optimized with the Yoast SEO plugin v27.3 - https:\/\/yoast.com\/product\/yoast-seo-wordpress\/ -->\n<title>Meisterhaftes B\u00fcrokabinett \/ Sekret\u00e4r | Luxury Living &amp; Fine Art Nachtmann<\/title>\n<meta name=\"robots\" content=\"index, follow, max-snippet:-1, max-image-preview:large, max-video-preview:-1\" \/>\n<link rel=\"canonical\" href=\"https:\/\/www.luxuryliving-nachtmann.com\/de\/producto\/meisterhaftes-buerokabinett-sekretaer\/\" \/>\n<meta property=\"og:locale\" content=\"de_DE\" \/>\n<meta property=\"og:type\" content=\"article\" \/>\n<meta property=\"og:title\" content=\"Meisterhaftes B\u00fcrokabinett \/ Sekret\u00e4r | Luxury Living &amp; Fine Art Nachtmann\" \/>\n<meta property=\"og:description\" content=\"Kopenhagen um 1745  Nu\u00dfbaum \/ Walnu\u00df Geschnitzte goldene Verzierungen Original vergoldete Bronzebeschl\u00e4ge Wohl Werkstatt Matthiat Ortmann (1692-1757) Ma\u00dfe: H281cm x B120cm x T60cm\" \/>\n<meta property=\"og:url\" content=\"https:\/\/www.luxuryliving-nachtmann.com\/de\/producto\/meisterhaftes-buerokabinett-sekretaer\/\" \/>\n<meta property=\"og:site_name\" content=\"Luxury Living &amp; Fine Art Nachtmann\" \/>\n<meta property=\"og:image\" content=\"https:\/\/www.luxuryliving-nachtmann.com\/wp-content\/uploads\/2026\/03\/Untitled-Instagram-Post-3_4_20260313_154354_0000.png\" \/>\n\t<meta property=\"og:image:width\" content=\"1080\" \/>\n\t<meta property=\"og:image:height\" content=\"1440\" \/>\n\t<meta property=\"og:image:type\" content=\"image\/png\" \/>\n<meta name=\"twitter:card\" content=\"summary_large_image\" \/>\n<meta name=\"twitter:label1\" content=\"Gesch\u00e4tzte Lesezeit\" \/>\n\t<meta name=\"twitter:data1\" content=\"1\u00a0Minute\" \/>\n<!-- \/ Yoast SEO plugin. -->","yoast_head_json":{"title":"Meisterhaftes B\u00fcrokabinett \/ Sekret\u00e4r | Luxury Living &amp; Fine Art Nachtmann","robots":{"index":"index","follow":"follow","max-snippet":"max-snippet:-1","max-image-preview":"max-image-preview:large","max-video-preview":"max-video-preview:-1"},"canonical":"https:\/\/www.luxuryliving-nachtmann.com\/de\/producto\/meisterhaftes-buerokabinett-sekretaer\/","og_locale":"de_DE","og_type":"article","og_title":"Meisterhaftes B\u00fcrokabinett \/ Sekret\u00e4r | Luxury Living &amp; Fine Art Nachtmann","og_description":"Kopenhagen um 1745  Nu\u00dfbaum \/ Walnu\u00df Geschnitzte goldene Verzierungen Original vergoldete Bronzebeschl\u00e4ge Wohl Werkstatt Matthiat Ortmann (1692-1757) Ma\u00dfe: H281cm x B120cm x T60cm","og_url":"https:\/\/www.luxuryliving-nachtmann.com\/de\/producto\/meisterhaftes-buerokabinett-sekretaer\/","og_site_name":"Luxury Living &amp; Fine Art Nachtmann","og_image":[{"width":1080,"height":1440,"url":"https:\/\/www.luxuryliving-nachtmann.com\/wp-content\/uploads\/2026\/03\/Untitled-Instagram-Post-3_4_20260313_154354_0000.png","type":"image\/png"}],"twitter_card":"summary_large_image","twitter_misc":{"Gesch\u00e4tzte Lesezeit":"1\u00a0Minute"},"schema":{"@context":"https:\/\/schema.org","@graph":[{"@type":"WebPage","@id":"https:\/\/www.luxuryliving-nachtmann.com\/de\/producto\/meisterhaftes-buerokabinett-sekretaer\/","url":"https:\/\/www.luxuryliving-nachtmann.com\/de\/producto\/meisterhaftes-buerokabinett-sekretaer\/","name":"Meisterhaftes B\u00fcrokabinett \/ Sekret\u00e4r | Luxury Living &amp; Fine Art Nachtmann","isPartOf":{"@id":"https:\/\/www.luxuryliving-nachtmann.com\/de\/#website"},"primaryImageOfPage":{"@id":"https:\/\/www.luxuryliving-nachtmann.com\/de\/producto\/meisterhaftes-buerokabinett-sekretaer\/#primaryimage"},"image":{"@id":"https:\/\/www.luxuryliving-nachtmann.com\/de\/producto\/meisterhaftes-buerokabinett-sekretaer\/#primaryimage"},"thumbnailUrl":"https:\/\/www.luxuryliving-nachtmann.com\/wp-content\/uploads\/2026\/03\/Untitled-Instagram-Post-3_4_20260313_154354_0000.png","datePublished":"2026-03-13T14:53:52+00:00","breadcrumb":{"@id":"https:\/\/www.luxuryliving-nachtmann.com\/de\/producto\/meisterhaftes-buerokabinett-sekretaer\/#breadcrumb"},"inLanguage":"de","potentialAction":[{"@type":"ReadAction","target":["https:\/\/www.luxuryliving-nachtmann.com\/de\/producto\/meisterhaftes-buerokabinett-sekretaer\/"]}]},{"@type":"ImageObject","inLanguage":"de","@id":"https:\/\/www.luxuryliving-nachtmann.com\/de\/producto\/meisterhaftes-buerokabinett-sekretaer\/#primaryimage","url":"https:\/\/www.luxuryliving-nachtmann.com\/wp-content\/uploads\/2026\/03\/Untitled-Instagram-Post-3_4_20260313_154354_0000.png","contentUrl":"https:\/\/www.luxuryliving-nachtmann.com\/wp-content\/uploads\/2026\/03\/Untitled-Instagram-Post-3_4_20260313_154354_0000.png","width":1080,"height":1440},{"@type":"BreadcrumbList","@id":"https:\/\/www.luxuryliving-nachtmann.com\/de\/producto\/meisterhaftes-buerokabinett-sekretaer\/#breadcrumb","itemListElement":[{"@type":"ListItem","position":1,"name":"Inicio","item":"https:\/\/www.luxuryliving-nachtmann.com\/de\/"},{"@type":"ListItem","position":2,"name":"Antig\u00fcedades","item":"https:\/\/www.luxuryliving-nachtmann.com\/tienda\/"},{"@type":"ListItem","position":3,"name":"M\u00f6bel","item":"https:\/\/www.luxuryliving-nachtmann.com\/de\/categoria-producto\/moebel\/"},{"@type":"ListItem","position":4,"name":"Meisterhaftes B\u00fcrokabinett \/ Sekret\u00e4r"}]},{"@type":"WebSite","@id":"https:\/\/www.luxuryliving-nachtmann.com\/de\/#website","url":"https:\/\/www.luxuryliving-nachtmann.com\/de\/","name":"Luxury Living & Fine Art Nachtmann","description":"","publisher":{"@id":"https:\/\/www.luxuryliving-nachtmann.com\/de\/#organization"},"potentialAction":[{"@type":"SearchAction","target":{"@type":"EntryPoint","urlTemplate":"https:\/\/www.luxuryliving-nachtmann.com\/de\/?s={search_term_string}"},"query-input":{"@type":"PropertyValueSpecification","valueRequired":true,"valueName":"search_term_string"}}],"inLanguage":"de"},{"@type":"Organization","@id":"https:\/\/www.luxuryliving-nachtmann.com\/de\/#organization","name":"Luxury Living & Fine Art Nachtmann","url":"https:\/\/www.luxuryliving-nachtmann.com\/de\/","logo":{"@type":"ImageObject","inLanguage":"de","@id":"https:\/\/www.luxuryliving-nachtmann.com\/de\/#\/schema\/logo\/image\/","url":"https:\/\/www.luxuryliving-nachtmann.com\/wp-content\/uploads\/2026\/01\/luxury-living-art-nachtmann-logotipo.jpg","contentUrl":"https:\/\/www.luxuryliving-nachtmann.com\/wp-content\/uploads\/2026\/01\/luxury-living-art-nachtmann-logotipo.jpg","width":898,"height":650,"caption":"Luxury Living & Fine Art Nachtmann"},"image":{"@id":"https:\/\/www.luxuryliving-nachtmann.com\/de\/#\/schema\/logo\/image\/"}}]}},"_links":{"self":[{"href":"https:\/\/www.luxuryliving-nachtmann.com\/de\/wp-json\/wp\/v2\/product\/1067","targetHints":{"allow":["GET"]}}],"collection":[{"href":"https:\/\/www.luxuryliving-nachtmann.com\/de\/wp-json\/wp\/v2\/product"}],"about":[{"href":"https:\/\/www.luxuryliving-nachtmann.com\/de\/wp-json\/wp\/v2\/types\/product"}],"wp:featuredmedia":[{"embeddable":true,"href":"https:\/\/www.luxuryliving-nachtmann.com\/de\/wp-json\/wp\/v2\/media\/1068"}],"wp:attachment":[{"href":"https:\/\/www.luxuryliving-nachtmann.com\/de\/wp-json\/wp\/v2\/media?parent=1067"}],"wp:term":[{"taxonomy":"product_brand","embeddable":true,"href":"https:\/\/www.luxuryliving-nachtmann.com\/de\/wp-json\/wp\/v2\/product_brand?post=1067"},{"taxonomy":"product_cat","embeddable":true,"href":"https:\/\/www.luxuryliving-nachtmann.com\/de\/wp-json\/wp\/v2\/product_cat?post=1067"},{"taxonomy":"product_tag","embeddable":true,"href":"https:\/\/www.luxuryliving-nachtmann.com\/de\/wp-json\/wp\/v2\/product_tag?post=1067"}],"curies":[{"name":"wp","href":"https:\/\/api.w.org\/{rel}","templated":true}]}}