{"id":1288,"date":"2026-03-14T11:54:02","date_gmt":"2026-03-14T11:54:02","guid":{"rendered":"https:\/\/www.luxuryliving-nachtmann.com\/?post_type=product&#038;p=1288"},"modified":"2026-03-14T11:54:02","modified_gmt":"2026-03-14T11:54:02","slug":"raritaet-paar-glaskerzenleuchter-herz-jesu-und-maria","status":"publish","type":"product","link":"https:\/\/www.luxuryliving-nachtmann.com\/de\/producto\/raritaet-paar-glaskerzenleuchter-herz-jesu-und-maria\/","title":{"rendered":"Rarit\u00e4t Paar Glaskerzenleuchter Herz Jesu und Maria"},"content":{"rendered":"","protected":false},"excerpt":{"rendered":"<p>S\u00fcddeutsch 19. Jahrhundert<br \/>\nH\u00f6he 25cm<\/p>\n","protected":false},"featured_media":1250,"template":"","meta":[],"product_brand":[],"product_cat":[83,78],"product_tag":[],"class_list":{"0":"post-1288","1":"product","2":"type-product","3":"status-publish","4":"has-post-thumbnail","6":"product_cat-glas","7":"product_cat-sakrale-kunst","9":"first","10":"instock","11":"shipping-taxable","12":"product-type-simple"},"yoast_head":"<!-- This site is optimized with the Yoast SEO plugin v27.3 - https:\/\/yoast.com\/product\/yoast-seo-wordpress\/ -->\n<title>Rarit\u00e4t Paar Glaskerzenleuchter Herz Jesu und Maria | Luxury Living &amp; Fine Art Nachtmann<\/title>\n<meta name=\"robots\" content=\"index, follow, max-snippet:-1, max-image-preview:large, max-video-preview:-1\" \/>\n<link rel=\"canonical\" href=\"https:\/\/www.luxuryliving-nachtmann.com\/de\/producto\/raritaet-paar-glaskerzenleuchter-herz-jesu-und-maria\/\" \/>\n<meta property=\"og:locale\" content=\"de_DE\" \/>\n<meta property=\"og:type\" content=\"article\" \/>\n<meta property=\"og:title\" content=\"Rarit\u00e4t Paar Glaskerzenleuchter Herz Jesu und Maria | Luxury Living &amp; Fine Art Nachtmann\" \/>\n<meta property=\"og:description\" content=\"S\u00fcddeutsch 19. Jahrhundert H\u00f6he 25cm\" \/>\n<meta property=\"og:url\" content=\"https:\/\/www.luxuryliving-nachtmann.com\/de\/producto\/raritaet-paar-glaskerzenleuchter-herz-jesu-und-maria\/\" \/>\n<meta property=\"og:site_name\" content=\"Luxury Living &amp; Fine Art Nachtmann\" \/>\n<meta property=\"og:image\" content=\"https:\/\/www.luxuryliving-nachtmann.com\/wp-content\/uploads\/2026\/03\/20260314_120522-scaled.jpg\" \/>\n\t<meta property=\"og:image:width\" content=\"1920\" \/>\n\t<meta property=\"og:image:height\" content=\"2560\" \/>\n\t<meta property=\"og:image:type\" content=\"image\/jpeg\" \/>\n<meta name=\"twitter:card\" content=\"summary_large_image\" \/>\n<meta name=\"twitter:label1\" content=\"Gesch\u00e4tzte Lesezeit\" \/>\n\t<meta name=\"twitter:data1\" content=\"1\u00a0Minute\" \/>\n<!-- \/ Yoast SEO plugin. -->","yoast_head_json":{"title":"Rarit\u00e4t Paar Glaskerzenleuchter Herz Jesu und Maria | Luxury Living &amp; Fine Art Nachtmann","robots":{"index":"index","follow":"follow","max-snippet":"max-snippet:-1","max-image-preview":"max-image-preview:large","max-video-preview":"max-video-preview:-1"},"canonical":"https:\/\/www.luxuryliving-nachtmann.com\/de\/producto\/raritaet-paar-glaskerzenleuchter-herz-jesu-und-maria\/","og_locale":"de_DE","og_type":"article","og_title":"Rarit\u00e4t Paar Glaskerzenleuchter Herz Jesu und Maria | Luxury Living &amp; Fine Art Nachtmann","og_description":"S\u00fcddeutsch 19. Jahrhundert H\u00f6he 25cm","og_url":"https:\/\/www.luxuryliving-nachtmann.com\/de\/producto\/raritaet-paar-glaskerzenleuchter-herz-jesu-und-maria\/","og_site_name":"Luxury Living &amp; Fine Art Nachtmann","og_image":[{"width":1920,"height":2560,"url":"https:\/\/www.luxuryliving-nachtmann.com\/wp-content\/uploads\/2026\/03\/20260314_120522-scaled.jpg","type":"image\/jpeg"}],"twitter_card":"summary_large_image","twitter_misc":{"Gesch\u00e4tzte Lesezeit":"1\u00a0Minute"},"schema":{"@context":"https:\/\/schema.org","@graph":[{"@type":"WebPage","@id":"https:\/\/www.luxuryliving-nachtmann.com\/de\/producto\/raritaet-paar-glaskerzenleuchter-herz-jesu-und-maria\/","url":"https:\/\/www.luxuryliving-nachtmann.com\/de\/producto\/raritaet-paar-glaskerzenleuchter-herz-jesu-und-maria\/","name":"Rarit\u00e4t Paar Glaskerzenleuchter Herz Jesu und Maria | Luxury Living &amp; Fine Art Nachtmann","isPartOf":{"@id":"https:\/\/www.luxuryliving-nachtmann.com\/de\/#website"},"primaryImageOfPage":{"@id":"https:\/\/www.luxuryliving-nachtmann.com\/de\/producto\/raritaet-paar-glaskerzenleuchter-herz-jesu-und-maria\/#primaryimage"},"image":{"@id":"https:\/\/www.luxuryliving-nachtmann.com\/de\/producto\/raritaet-paar-glaskerzenleuchter-herz-jesu-und-maria\/#primaryimage"},"thumbnailUrl":"https:\/\/www.luxuryliving-nachtmann.com\/wp-content\/uploads\/2026\/03\/20260314_120522-scaled.jpg","datePublished":"2026-03-14T11:54:02+00:00","breadcrumb":{"@id":"https:\/\/www.luxuryliving-nachtmann.com\/de\/producto\/raritaet-paar-glaskerzenleuchter-herz-jesu-und-maria\/#breadcrumb"},"inLanguage":"de","potentialAction":[{"@type":"ReadAction","target":["https:\/\/www.luxuryliving-nachtmann.com\/de\/producto\/raritaet-paar-glaskerzenleuchter-herz-jesu-und-maria\/"]}]},{"@type":"ImageObject","inLanguage":"de","@id":"https:\/\/www.luxuryliving-nachtmann.com\/de\/producto\/raritaet-paar-glaskerzenleuchter-herz-jesu-und-maria\/#primaryimage","url":"https:\/\/www.luxuryliving-nachtmann.com\/wp-content\/uploads\/2026\/03\/20260314_120522-scaled.jpg","contentUrl":"https:\/\/www.luxuryliving-nachtmann.com\/wp-content\/uploads\/2026\/03\/20260314_120522-scaled.jpg","width":1920,"height":2560},{"@type":"BreadcrumbList","@id":"https:\/\/www.luxuryliving-nachtmann.com\/de\/producto\/raritaet-paar-glaskerzenleuchter-herz-jesu-und-maria\/#breadcrumb","itemListElement":[{"@type":"ListItem","position":1,"name":"Inicio","item":"https:\/\/www.luxuryliving-nachtmann.com\/de\/"},{"@type":"ListItem","position":2,"name":"Antig\u00fcedades","item":"https:\/\/www.luxuryliving-nachtmann.com\/tienda\/"},{"@type":"ListItem","position":3,"name":"Glas","item":"https:\/\/www.luxuryliving-nachtmann.com\/de\/categoria-producto\/glas\/"},{"@type":"ListItem","position":4,"name":"Rarit\u00e4t Paar Glaskerzenleuchter Herz Jesu und Maria"}]},{"@type":"WebSite","@id":"https:\/\/www.luxuryliving-nachtmann.com\/de\/#website","url":"https:\/\/www.luxuryliving-nachtmann.com\/de\/","name":"Luxury Living & Fine Art Nachtmann","description":"","publisher":{"@id":"https:\/\/www.luxuryliving-nachtmann.com\/de\/#organization"},"potentialAction":[{"@type":"SearchAction","target":{"@type":"EntryPoint","urlTemplate":"https:\/\/www.luxuryliving-nachtmann.com\/de\/?s={search_term_string}"},"query-input":{"@type":"PropertyValueSpecification","valueRequired":true,"valueName":"search_term_string"}}],"inLanguage":"de"},{"@type":"Organization","@id":"https:\/\/www.luxuryliving-nachtmann.com\/de\/#organization","name":"Luxury Living & Fine Art Nachtmann","url":"https:\/\/www.luxuryliving-nachtmann.com\/de\/","logo":{"@type":"ImageObject","inLanguage":"de","@id":"https:\/\/www.luxuryliving-nachtmann.com\/de\/#\/schema\/logo\/image\/","url":"https:\/\/www.luxuryliving-nachtmann.com\/wp-content\/uploads\/2026\/01\/luxury-living-art-nachtmann-logotipo.jpg","contentUrl":"https:\/\/www.luxuryliving-nachtmann.com\/wp-content\/uploads\/2026\/01\/luxury-living-art-nachtmann-logotipo.jpg","width":898,"height":650,"caption":"Luxury Living & Fine Art Nachtmann"},"image":{"@id":"https:\/\/www.luxuryliving-nachtmann.com\/de\/#\/schema\/logo\/image\/"}}]}},"_links":{"self":[{"href":"https:\/\/www.luxuryliving-nachtmann.com\/de\/wp-json\/wp\/v2\/product\/1288","targetHints":{"allow":["GET"]}}],"collection":[{"href":"https:\/\/www.luxuryliving-nachtmann.com\/de\/wp-json\/wp\/v2\/product"}],"about":[{"href":"https:\/\/www.luxuryliving-nachtmann.com\/de\/wp-json\/wp\/v2\/types\/product"}],"wp:featuredmedia":[{"embeddable":true,"href":"https:\/\/www.luxuryliving-nachtmann.com\/de\/wp-json\/wp\/v2\/media\/1250"}],"wp:attachment":[{"href":"https:\/\/www.luxuryliving-nachtmann.com\/de\/wp-json\/wp\/v2\/media?parent=1288"}],"wp:term":[{"taxonomy":"product_brand","embeddable":true,"href":"https:\/\/www.luxuryliving-nachtmann.com\/de\/wp-json\/wp\/v2\/product_brand?post=1288"},{"taxonomy":"product_cat","embeddable":true,"href":"https:\/\/www.luxuryliving-nachtmann.com\/de\/wp-json\/wp\/v2\/product_cat?post=1288"},{"taxonomy":"product_tag","embeddable":true,"href":"https:\/\/www.luxuryliving-nachtmann.com\/de\/wp-json\/wp\/v2\/product_tag?post=1288"}],"curies":[{"name":"wp","href":"https:\/\/api.w.org\/{rel}","templated":true}]}}