{"id":5823,"date":"2026-04-08T16:51:13","date_gmt":"2026-04-08T16:51:13","guid":{"rendered":"https:\/\/www.luxuryliving-nachtmann.com\/?post_type=product&#038;p=5823"},"modified":"2026-04-08T16:51:13","modified_gmt":"2026-04-08T16:51:13","slug":"seltener-gebyok-wandverkleidung-aus-teakholz","status":"publish","type":"product","link":"https:\/\/www.luxuryliving-nachtmann.com\/de\/producto\/seltener-gebyok-wandverkleidung-aus-teakholz\/","title":{"rendered":"Seltener Gebyok \/ Wandverkleidung aus Teakholz"},"content":{"rendered":"","protected":false},"excerpt":{"rendered":"<p>Wohl 19. Jahrhundert, 3-teilig<\/p>\n<p>Komplett zerlegbar, Holzd\u00fcbel<\/p>\n<p>Eignet sich perfekt als Raumteiler<\/p>\n<p>Gesamtl\u00e4nge ca. 650cm. H\u00f6he ca. 285cm<\/p>\n","protected":false},"featured_media":5824,"template":"","meta":[],"product_brand":[],"product_cat":[76,82],"product_tag":[],"class_list":{"0":"post-5823","1":"product","2":"type-product","3":"status-publish","4":"has-post-thumbnail","6":"product_cat-asiatika-de","7":"product_cat-garten-konstruktion","9":"first","10":"instock","11":"shipping-taxable","12":"product-type-simple"},"yoast_head":"<!-- This site is optimized with the Yoast SEO plugin v27.3 - https:\/\/yoast.com\/product\/yoast-seo-wordpress\/ -->\n<title>Seltener Gebyok \/ Wandverkleidung aus Teakholz | Luxury Living &amp; Fine Art Nachtmann<\/title>\n<meta name=\"robots\" content=\"index, follow, max-snippet:-1, max-image-preview:large, max-video-preview:-1\" \/>\n<link rel=\"canonical\" href=\"https:\/\/www.luxuryliving-nachtmann.com\/de\/producto\/seltener-gebyok-wandverkleidung-aus-teakholz\/\" \/>\n<meta property=\"og:locale\" content=\"de_DE\" \/>\n<meta property=\"og:type\" content=\"article\" \/>\n<meta property=\"og:title\" content=\"Seltener Gebyok \/ Wandverkleidung aus Teakholz | Luxury Living &amp; Fine Art Nachtmann\" \/>\n<meta property=\"og:description\" content=\"Wohl 19. Jahrhundert, 3-teilig  Komplett zerlegbar, Holzd\u00fcbel  Eignet sich perfekt als Raumteiler  Gesamtl\u00e4nge ca. 650cm. H\u00f6he ca. 285cm\" \/>\n<meta property=\"og:url\" content=\"https:\/\/www.luxuryliving-nachtmann.com\/de\/producto\/seltener-gebyok-wandverkleidung-aus-teakholz\/\" \/>\n<meta property=\"og:site_name\" content=\"Luxury Living &amp; Fine Art Nachtmann\" \/>\n<meta property=\"og:image\" content=\"https:\/\/www.luxuryliving-nachtmann.com\/wp-content\/uploads\/2026\/04\/Untitled-Instagram-Post-3_4_20260331_212609_0000.png\" \/>\n\t<meta property=\"og:image:width\" content=\"1080\" \/>\n\t<meta property=\"og:image:height\" content=\"1440\" \/>\n\t<meta property=\"og:image:type\" content=\"image\/png\" \/>\n<meta name=\"twitter:card\" content=\"summary_large_image\" \/>\n<meta name=\"twitter:label1\" content=\"Gesch\u00e4tzte Lesezeit\" \/>\n\t<meta name=\"twitter:data1\" content=\"1\u00a0Minute\" \/>\n<!-- \/ Yoast SEO plugin. -->","yoast_head_json":{"title":"Seltener Gebyok \/ Wandverkleidung aus Teakholz | Luxury Living &amp; Fine Art Nachtmann","robots":{"index":"index","follow":"follow","max-snippet":"max-snippet:-1","max-image-preview":"max-image-preview:large","max-video-preview":"max-video-preview:-1"},"canonical":"https:\/\/www.luxuryliving-nachtmann.com\/de\/producto\/seltener-gebyok-wandverkleidung-aus-teakholz\/","og_locale":"de_DE","og_type":"article","og_title":"Seltener Gebyok \/ Wandverkleidung aus Teakholz | Luxury Living &amp; Fine Art Nachtmann","og_description":"Wohl 19. Jahrhundert, 3-teilig  Komplett zerlegbar, Holzd\u00fcbel  Eignet sich perfekt als Raumteiler  Gesamtl\u00e4nge ca. 650cm. H\u00f6he ca. 285cm","og_url":"https:\/\/www.luxuryliving-nachtmann.com\/de\/producto\/seltener-gebyok-wandverkleidung-aus-teakholz\/","og_site_name":"Luxury Living &amp; Fine Art Nachtmann","og_image":[{"width":1080,"height":1440,"url":"https:\/\/www.luxuryliving-nachtmann.com\/wp-content\/uploads\/2026\/04\/Untitled-Instagram-Post-3_4_20260331_212609_0000.png","type":"image\/png"}],"twitter_card":"summary_large_image","twitter_misc":{"Gesch\u00e4tzte Lesezeit":"1\u00a0Minute"},"schema":{"@context":"https:\/\/schema.org","@graph":[{"@type":"WebPage","@id":"https:\/\/www.luxuryliving-nachtmann.com\/de\/producto\/seltener-gebyok-wandverkleidung-aus-teakholz\/","url":"https:\/\/www.luxuryliving-nachtmann.com\/de\/producto\/seltener-gebyok-wandverkleidung-aus-teakholz\/","name":"Seltener Gebyok \/ Wandverkleidung aus Teakholz | Luxury Living &amp; Fine Art Nachtmann","isPartOf":{"@id":"https:\/\/www.luxuryliving-nachtmann.com\/de\/#website"},"primaryImageOfPage":{"@id":"https:\/\/www.luxuryliving-nachtmann.com\/de\/producto\/seltener-gebyok-wandverkleidung-aus-teakholz\/#primaryimage"},"image":{"@id":"https:\/\/www.luxuryliving-nachtmann.com\/de\/producto\/seltener-gebyok-wandverkleidung-aus-teakholz\/#primaryimage"},"thumbnailUrl":"https:\/\/www.luxuryliving-nachtmann.com\/wp-content\/uploads\/2026\/04\/Untitled-Instagram-Post-3_4_20260331_212609_0000.png","datePublished":"2026-04-08T16:51:13+00:00","breadcrumb":{"@id":"https:\/\/www.luxuryliving-nachtmann.com\/de\/producto\/seltener-gebyok-wandverkleidung-aus-teakholz\/#breadcrumb"},"inLanguage":"de","potentialAction":[{"@type":"ReadAction","target":["https:\/\/www.luxuryliving-nachtmann.com\/de\/producto\/seltener-gebyok-wandverkleidung-aus-teakholz\/"]}]},{"@type":"ImageObject","inLanguage":"de","@id":"https:\/\/www.luxuryliving-nachtmann.com\/de\/producto\/seltener-gebyok-wandverkleidung-aus-teakholz\/#primaryimage","url":"https:\/\/www.luxuryliving-nachtmann.com\/wp-content\/uploads\/2026\/04\/Untitled-Instagram-Post-3_4_20260331_212609_0000.png","contentUrl":"https:\/\/www.luxuryliving-nachtmann.com\/wp-content\/uploads\/2026\/04\/Untitled-Instagram-Post-3_4_20260331_212609_0000.png","width":1080,"height":1440},{"@type":"BreadcrumbList","@id":"https:\/\/www.luxuryliving-nachtmann.com\/de\/producto\/seltener-gebyok-wandverkleidung-aus-teakholz\/#breadcrumb","itemListElement":[{"@type":"ListItem","position":1,"name":"Inicio","item":"https:\/\/www.luxuryliving-nachtmann.com\/de\/"},{"@type":"ListItem","position":2,"name":"Antig\u00fcedades","item":"https:\/\/www.luxuryliving-nachtmann.com\/tienda\/"},{"@type":"ListItem","position":3,"name":"Asiatika","item":"https:\/\/www.luxuryliving-nachtmann.com\/de\/categoria-producto\/asiatika-de\/"},{"@type":"ListItem","position":4,"name":"Seltener Gebyok \/ Wandverkleidung aus Teakholz"}]},{"@type":"WebSite","@id":"https:\/\/www.luxuryliving-nachtmann.com\/de\/#website","url":"https:\/\/www.luxuryliving-nachtmann.com\/de\/","name":"Luxury Living & Fine Art Nachtmann","description":"","publisher":{"@id":"https:\/\/www.luxuryliving-nachtmann.com\/de\/#organization"},"potentialAction":[{"@type":"SearchAction","target":{"@type":"EntryPoint","urlTemplate":"https:\/\/www.luxuryliving-nachtmann.com\/de\/?s={search_term_string}"},"query-input":{"@type":"PropertyValueSpecification","valueRequired":true,"valueName":"search_term_string"}}],"inLanguage":"de"},{"@type":"Organization","@id":"https:\/\/www.luxuryliving-nachtmann.com\/de\/#organization","name":"Luxury Living & Fine Art Nachtmann","url":"https:\/\/www.luxuryliving-nachtmann.com\/de\/","logo":{"@type":"ImageObject","inLanguage":"de","@id":"https:\/\/www.luxuryliving-nachtmann.com\/de\/#\/schema\/logo\/image\/","url":"https:\/\/www.luxuryliving-nachtmann.com\/wp-content\/uploads\/2026\/01\/luxury-living-art-nachtmann-logotipo.jpg","contentUrl":"https:\/\/www.luxuryliving-nachtmann.com\/wp-content\/uploads\/2026\/01\/luxury-living-art-nachtmann-logotipo.jpg","width":898,"height":650,"caption":"Luxury Living & Fine Art Nachtmann"},"image":{"@id":"https:\/\/www.luxuryliving-nachtmann.com\/de\/#\/schema\/logo\/image\/"}}]}},"_links":{"self":[{"href":"https:\/\/www.luxuryliving-nachtmann.com\/de\/wp-json\/wp\/v2\/product\/5823","targetHints":{"allow":["GET"]}}],"collection":[{"href":"https:\/\/www.luxuryliving-nachtmann.com\/de\/wp-json\/wp\/v2\/product"}],"about":[{"href":"https:\/\/www.luxuryliving-nachtmann.com\/de\/wp-json\/wp\/v2\/types\/product"}],"wp:featuredmedia":[{"embeddable":true,"href":"https:\/\/www.luxuryliving-nachtmann.com\/de\/wp-json\/wp\/v2\/media\/5824"}],"wp:attachment":[{"href":"https:\/\/www.luxuryliving-nachtmann.com\/de\/wp-json\/wp\/v2\/media?parent=5823"}],"wp:term":[{"taxonomy":"product_brand","embeddable":true,"href":"https:\/\/www.luxuryliving-nachtmann.com\/de\/wp-json\/wp\/v2\/product_brand?post=5823"},{"taxonomy":"product_cat","embeddable":true,"href":"https:\/\/www.luxuryliving-nachtmann.com\/de\/wp-json\/wp\/v2\/product_cat?post=5823"},{"taxonomy":"product_tag","embeddable":true,"href":"https:\/\/www.luxuryliving-nachtmann.com\/de\/wp-json\/wp\/v2\/product_tag?post=5823"}],"curies":[{"name":"wp","href":"https:\/\/api.w.org\/{rel}","templated":true}]}}